{"id":3474,"date":"2025-11-10T19:41:50","date_gmt":"2025-11-10T22:41:50","guid":{"rendered":"https:\/\/isfd160-bue.infd.edu.ar\/sitio\/?page_id=3474"},"modified":"2026-03-11T19:16:09","modified_gmt":"2026-03-11T22:16:09","slug":"tecnicatura-superior-en-agroecologia","status":"publish","type":"page","link":"https:\/\/isfd160-bue.infd.edu.ar\/sitio\/tecnicatura-superior-en-agroecologia\/","title":{"rendered":"Tecnicatura Superior en Agroecolog\u00eda (Res.3796\/22)"},"content":{"rendered":"<div class=\"wp-block-image\">\n<figure class=\"alignright size-full is-resized\"><img decoding=\"async\" loading=\"lazy\" src=\"https:\/\/isfd160-bue.infd.edu.ar\/sitio\/wp-content\/uploads\/2025\/11\/Flyer-TEC-EN-AGROECOLOGIA.png\" alt=\"\" class=\"wp-image-3463\" width=\"400\" height=\"400\" srcset=\"https:\/\/isfd160-bue.infd.edu.ar\/sitio\/wp-content\/uploads\/2025\/11\/Flyer-TEC-EN-AGROECOLOGIA.png 1080w, https:\/\/isfd160-bue.infd.edu.ar\/sitio\/wp-content\/uploads\/2025\/11\/Flyer-TEC-EN-AGROECOLOGIA-1000x1000.png 1000w, https:\/\/isfd160-bue.infd.edu.ar\/sitio\/wp-content\/uploads\/2025\/11\/Flyer-TEC-EN-AGROECOLOGIA-500x500.png 500w, https:\/\/isfd160-bue.infd.edu.ar\/sitio\/wp-content\/uploads\/2025\/11\/Flyer-TEC-EN-AGROECOLOGIA-768x768.png 768w\" sizes=\"(max-width: 400px) 100vw, 400px\" \/><\/figure><\/div>\n\n\n<ul>\n<li><strong>REQUISITOS DE INGRESO:<\/strong><\/li>\n<\/ul>\n\n\n\n<p>&nbsp;1)&nbsp;&nbsp;&nbsp;&nbsp;&nbsp; Haber completado los estudios de Nivel Medio\/Polimodal\/Secundario.<\/p>\n\n\n\n<p>&nbsp;2)&nbsp;&nbsp;&nbsp;&nbsp;&nbsp; Inscribirse en tiempo y forma.<\/p>\n\n\n\n<p>\u00a03)\u00a0 \u00a0 \u00a0 Participar de la Charla\/Taller inicial sobre el R\u00e9gimen Acad\u00e9mico Marco.<\/p>\n\n\n\n<ul>\n<li><strong>PREINSCRIPCI\u00d3N ONLINE:&nbsp;<\/strong><a href=\"https:\/\/forms.gle\/vr1WmP1Qw5kJw9rn7\" data-type=\"URL\" data-id=\"https:\/\/forms.gle\/vr1WmP1Qw5kJw9rn7\" target=\"_blank\" rel=\"noreferrer noopener\">COMPLETAR AQU\u00cd<\/a><\/li>\n\n\n\n<li><strong>PARA FORMALIZAR LA INSCRIPCI\u00d3N DEBER\u00c1 PRESENTAR LA SIGUIENTE DOCUMENTACI\u00d3N:<\/strong><\/li>\n<\/ul>\n\n\n\n<p>&nbsp;1) &nbsp;Fotocopia del Certificado anal\u00edtico de estudios, con N\u00famero de Registro en la Provincia de Buenos Aires. Si el certificado a\u00fan est\u00e1 en tr\u00e1mite: constancia de certificado anal\u00edtico en tr\u00e1mite sin adeudar materias. Esta constancia tiene una vigencia de 30 d\u00edas, por lo cual, deber\u00e1 renovarla hasta la entrega del certificado correspondiente.<\/p>\n\n\n\n<p>2) &nbsp;Fotocopia de D.N.I.<\/p>\n\n\n\n<p>3) &nbsp;Certificado de aptitud psico-f\u00edsica, firmado por un profesional m\u00e9dico.<\/p>\n\n\n\n<p>4) &nbsp;Dos &nbsp;fotos tipo carnet.<\/p>\n\n\n\n<p>5) Planilla de inscripci\u00f3n completa&nbsp;<a href=\"https:\/\/drive.google.com\/file\/d\/1vVgbYcxgN8cWJN-GhjnJIuTJQY0Hz9FC\/view?usp=sharing\" data-type=\"URL\" data-id=\"https:\/\/drive.google.com\/file\/d\/1vVgbYcxgN8cWJN-GhjnJIuTJQY0Hz9FC\/view?usp=sharing\" target=\"_blank\" rel=\"noreferrer noopener\">PLANILLA DE INSCRIPCI\u00d3N<\/a>&nbsp;(clic en el enlace para descargar la planilla y completarla)<\/p>\n\n\n\n<p>6) &nbsp; Entregar toda la documentaci\u00f3n en carpeta 3 solapas.&nbsp;<\/p>\n\n\n\n<ul>\n<li><strong>Tecnicatura Superior en Agroecolog\u00eda (COLOR AMARILLO)<\/strong><\/li>\n<\/ul>\n\n\n\n<p><strong><em>Oportunamente &nbsp;se informar\u00e1 sobre los d\u00edas y horarios en los que deber\u00e1 concurrir a realizar el Curso Inicial obligatorio que deben realizar los aspirantes.<\/em><\/strong><\/p>\n\n\n<div class=\"wp-block-image\">\n<figure class=\"aligncenter size-large is-resized\"><img decoding=\"async\" loading=\"lazy\" src=\"https:\/\/isfd160-bue.infd.edu.ar\/sitio\/wp-content\/uploads\/2025\/11\/Plan-de-estudio-5-760x1900.png\" alt=\"\" class=\"wp-image-3543\" width=\"380\" height=\"950\" srcset=\"https:\/\/isfd160-bue.infd.edu.ar\/sitio\/wp-content\/uploads\/2025\/11\/Plan-de-estudio-5-760x1900.png 760w, https:\/\/isfd160-bue.infd.edu.ar\/sitio\/wp-content\/uploads\/2025\/11\/Plan-de-estudio-5-400x1000.png 400w, https:\/\/isfd160-bue.infd.edu.ar\/sitio\/wp-content\/uploads\/2025\/11\/Plan-de-estudio-5-768x1920.png 768w, https:\/\/isfd160-bue.infd.edu.ar\/sitio\/wp-content\/uploads\/2025\/11\/Plan-de-estudio-5-614x1536.png 614w, https:\/\/isfd160-bue.infd.edu.ar\/sitio\/wp-content\/uploads\/2025\/11\/Plan-de-estudio-5.png 800w\" sizes=\"(max-width: 380px) 100vw, 380px\" \/><\/figure><\/div>","protected":false},"excerpt":{"rendered":"<p>&nbsp;1)&nbsp;&nbsp;&nbsp;&nbsp;&nbsp; Haber completado los estudios de Nivel Medio\/Polimodal\/Secundario. &nbsp;2)&nbsp;&nbsp;&nbsp;&nbsp;&nbsp; Inscribirse en tiempo y forma. \u00a03)\u00a0 \u00a0 \u00a0 Participar de la Charla\/Taller inicial sobre el R\u00e9gimen Acad\u00e9mico Marco. &nbsp;1) &nbsp;Fotocopia del Certificado anal\u00edtico de estudios, con N\u00famero de Registro en la Provincia de Buenos Aires. Si el certificado a\u00fan est\u00e1 en tr\u00e1mite: constancia de certificado anal\u00edtico &#8230; <a title=\"Tecnicatura Superior en Agroecolog\u00eda (Res.3796\/22)\" class=\"read-more\" href=\"https:\/\/isfd160-bue.infd.edu.ar\/sitio\/tecnicatura-superior-en-agroecologia\/\" aria-label=\"More on Tecnicatura Superior en Agroecolog\u00eda (Res.3796\/22)\">[+]<\/a><\/p>\n","protected":false},"author":1695,"featured_media":0,"parent":0,"menu_order":0,"comment_status":"closed","ping_status":"closed","template":"","meta":[],"acf":[],"_links":{"self":[{"href":"https:\/\/isfd160-bue.infd.edu.ar\/sitio\/wp-json\/wp\/v2\/pages\/3474"}],"collection":[{"href":"https:\/\/isfd160-bue.infd.edu.ar\/sitio\/wp-json\/wp\/v2\/pages"}],"about":[{"href":"https:\/\/isfd160-bue.infd.edu.ar\/sitio\/wp-json\/wp\/v2\/types\/page"}],"author":[{"embeddable":true,"href":"https:\/\/isfd160-bue.infd.edu.ar\/sitio\/wp-json\/wp\/v2\/users\/1695"}],"replies":[{"embeddable":true,"href":"https:\/\/isfd160-bue.infd.edu.ar\/sitio\/wp-json\/wp\/v2\/comments?post=3474"}],"version-history":[{"count":7,"href":"https:\/\/isfd160-bue.infd.edu.ar\/sitio\/wp-json\/wp\/v2\/pages\/3474\/revisions"}],"predecessor-version":[{"id":3591,"href":"https:\/\/isfd160-bue.infd.edu.ar\/sitio\/wp-json\/wp\/v2\/pages\/3474\/revisions\/3591"}],"wp:attachment":[{"href":"https:\/\/isfd160-bue.infd.edu.ar\/sitio\/wp-json\/wp\/v2\/media?parent=3474"}],"curies":[{"name":"wp","href":"https:\/\/api.w.org\/{rel}","templated":true}]}}