{"id":3422,"date":"2025-06-04T19:46:12","date_gmt":"2025-06-04T22:46:12","guid":{"rendered":"https:\/\/isfd160-bue.infd.edu.ar\/sitio\/?page_id=3422"},"modified":"2025-07-15T19:08:51","modified_gmt":"2025-07-15T22:08:51","slug":"tramo-de-formacion-pedagogica-2025","status":"publish","type":"page","link":"https:\/\/isfd160-bue.infd.edu.ar\/sitio\/tramo-de-formacion-pedagogica-2025\/","title":{"rendered":"TRAMO DE FORMACI\u00d3N PEDAG\u00d3GICA 2025"},"content":{"rendered":"\n<p><strong>DESTINATARIOS DE LA PROPUESTA<\/strong> <\/p>\n\n\n\n<ul>\n<li>Quienes posean t\u00edtulo de educaci\u00f3n superior o secundario t\u00e9cnico y que se est\u00e9n desempe\u00f1ando en el sistema educativo jurisdiccional.<\/li>\n\n\n\n<li>Quienes posean t\u00edtulo de educaci\u00f3n superior o secundario t\u00e9cnico y que se hayan desempe\u00f1ado al menos un ciclo lectivo en el sistema educativo jurisdiccional en los \u00faltimos 5 (cinco) a\u00f1os.<\/li>\n<\/ul>\n\n\n\n<p><strong>DESCRIPCI\u00d3N DE LA PROPUESTA<\/strong><\/p>\n\n\n\n<ul>\n<li><strong>Duraci\u00f3n:<\/strong> 2 a\u00f1os ( 4 cuatrimestres )<\/li>\n\n\n\n<li><strong>Carga horaria <\/strong><strong>total:<\/strong> 704 horas<\/li>\n\n\n\n<li><strong>Mod<\/strong><strong>alidad:<\/strong> Las unidades curriculares se cursar\u00e1n de forma asincr\u00f3nica, con un encuentro intensivo al mes de manera presencial, d\u00eda viernes de 14h a 22h. Ese d\u00eda se cursar\u00e1n dos horas cada materia del cuatrimestre.<\/li>\n\n\n\n<li><strong>PREINSCRIPCI\u00d3N ONLINE:<\/strong> <a rel=\"noreferrer noopener\" href=\"https:\/\/docs.google.com\/forms\/d\/e\/1FAIpQLSePpUEta5xrjwZvt_TNEIO-t3bGAnreQOBAJXiAHmLBNW_ueg\/viewform?usp=header\" target=\"_blank\">Completar aqu\u00ed.<\/a> La preinscripci\u00f3n ser\u00e1 durante el mes de Junio.<\/li>\n\n\n\n<li><strong>PARA FORMALIZAR LA INSCRIPCI\u00d3N DEBER\u00c1 PRESENTAR LA SIGUIENTE DOCUMENTACI\u00d3N DE MANERA VIRTUAL AL MAIL bibliosuperior160@gmail.com:<\/strong>\n<ul>\n<li>Fotocopia T\u00edtulo t\u00e9cnico secundario o t\u00e9cnico superior<\/li>\n\n\n\n<li>Fotocopia DNI<\/li>\n\n\n\n<li>Constancia de desempe\u00f1o docente<\/li>\n\n\n\n<li>Dos (2) fotos carnet<\/li>\n\n\n\n<li>Planilla de inscripci\u00f3n completa: <a href=\"https:\/\/isfd160-bue.infd.edu.ar\/sitio\/wp-content\/uploads\/2023\/12\/Formacion-Docente-inicial-Tecnica-y-Artistica-Planilla-de-inscripcion-Educacion-Superior_1.pdf\" target=\"_blank\" rel=\"noreferrer noopener\">Clic en este enlace para descargar la planilla y completarla.<\/a><\/li>\n\n\n\n<li><strong>Entregar toda la documentaci\u00f3n de forma virtual en un \u00fanico documento en formato PDF al mail bibliosuperior160@gmail.com <\/strong><\/li>\n<\/ul>\n<\/li>\n<\/ul>\n\n\n\n<p><strong>LA INSCRIPCI\u00d3N ESTAR\u00c1 ABIERTA DEL 01 DE JULIO AL 14 DE JULIO<\/strong>.<\/p>\n\n\n\n<p><strong>EL INICIO DE CURSADA SER\u00c1 El 8  DE AGOSTO<\/strong>.<\/p>\n\n\n\n<p><strong>LAS UNIDADES CURRICULARES SE CURSAR\u00c1N DE FORMA ASINCR\u00d3NICA, CON UN ENCUENTRO INTENSIVO AL MES DE MANERA PRESENCIAL, D\u00cdA VIERNES DE 14H A 22H. ESE D\u00cdA SE CURSAR\u00c1N DOS HORAS CADA MATERIA DEL CUATRIMESTRE.<\/strong><\/p>\n\n\n\n<figure class=\"wp-block-image size-full\"><img decoding=\"async\" loading=\"lazy\" width=\"811\" height=\"573\" src=\"https:\/\/isfd160-bue.infd.edu.ar\/sitio\/wp-content\/uploads\/2025\/06\/Estructura-curricular-1o-ano.png\" alt=\"\" class=\"wp-image-3424\" srcset=\"https:\/\/isfd160-bue.infd.edu.ar\/sitio\/wp-content\/uploads\/2025\/06\/Estructura-curricular-1o-ano.png 811w, https:\/\/isfd160-bue.infd.edu.ar\/sitio\/wp-content\/uploads\/2025\/06\/Estructura-curricular-1o-ano-768x543.png 768w\" sizes=\"(max-width: 811px) 100vw, 811px\" \/><\/figure>\n\n\n\n<figure class=\"wp-block-image size-full\"><img decoding=\"async\" loading=\"lazy\" width=\"811\" height=\"571\" src=\"https:\/\/isfd160-bue.infd.edu.ar\/sitio\/wp-content\/uploads\/2025\/06\/Estructura-curricular-2o-ano.png\" alt=\"\" class=\"wp-image-3425\" srcset=\"https:\/\/isfd160-bue.infd.edu.ar\/sitio\/wp-content\/uploads\/2025\/06\/Estructura-curricular-2o-ano.png 811w, https:\/\/isfd160-bue.infd.edu.ar\/sitio\/wp-content\/uploads\/2025\/06\/Estructura-curricular-2o-ano-768x541.png 768w\" sizes=\"(max-width: 811px) 100vw, 811px\" \/><\/figure>\n","protected":false},"excerpt":{"rendered":"<p>DESTINATARIOS DE LA PROPUESTA DESCRIPCI\u00d3N DE LA PROPUESTA LA INSCRIPCI\u00d3N ESTAR\u00c1 ABIERTA DEL 01 DE JULIO AL 14 DE JULIO. EL INICIO DE CURSADA SER\u00c1 El 8 DE AGOSTO. LAS UNIDADES CURRICULARES SE CURSAR\u00c1N DE FORMA ASINCR\u00d3NICA, CON UN ENCUENTRO INTENSIVO AL MES DE MANERA PRESENCIAL, D\u00cdA VIERNES DE 14H A 22H. ESE D\u00cdA SE &#8230; <a title=\"TRAMO DE FORMACI\u00d3N PEDAG\u00d3GICA 2025\" class=\"read-more\" href=\"https:\/\/isfd160-bue.infd.edu.ar\/sitio\/tramo-de-formacion-pedagogica-2025\/\" aria-label=\"More on TRAMO DE FORMACI\u00d3N PEDAG\u00d3GICA 2025\">[+]<\/a><\/p>\n","protected":false},"author":1695,"featured_media":0,"parent":0,"menu_order":0,"comment_status":"closed","ping_status":"closed","template":"","meta":[],"acf":[],"_links":{"self":[{"href":"https:\/\/isfd160-bue.infd.edu.ar\/sitio\/wp-json\/wp\/v2\/pages\/3422"}],"collection":[{"href":"https:\/\/isfd160-bue.infd.edu.ar\/sitio\/wp-json\/wp\/v2\/pages"}],"about":[{"href":"https:\/\/isfd160-bue.infd.edu.ar\/sitio\/wp-json\/wp\/v2\/types\/page"}],"author":[{"embeddable":true,"href":"https:\/\/isfd160-bue.infd.edu.ar\/sitio\/wp-json\/wp\/v2\/users\/1695"}],"replies":[{"embeddable":true,"href":"https:\/\/isfd160-bue.infd.edu.ar\/sitio\/wp-json\/wp\/v2\/comments?post=3422"}],"version-history":[{"count":13,"href":"https:\/\/isfd160-bue.infd.edu.ar\/sitio\/wp-json\/wp\/v2\/pages\/3422\/revisions"}],"predecessor-version":[{"id":3453,"href":"https:\/\/isfd160-bue.infd.edu.ar\/sitio\/wp-json\/wp\/v2\/pages\/3422\/revisions\/3453"}],"wp:attachment":[{"href":"https:\/\/isfd160-bue.infd.edu.ar\/sitio\/wp-json\/wp\/v2\/media?parent=3422"}],"curies":[{"name":"wp","href":"https:\/\/api.w.org\/{rel}","templated":true}]}}