{"id":1455,"date":"2020-03-05T13:18:37","date_gmt":"2020-03-05T16:18:37","guid":{"rendered":"https:\/\/isfd160-bue.infd.edu.ar\/sitio\/?page_id=1455"},"modified":"2026-03-05T20:45:03","modified_gmt":"2026-03-05T23:45:03","slug":"informacion-para-los-estudiantes","status":"publish","type":"page","link":"https:\/\/isfd160-bue.infd.edu.ar\/sitio\/informacion-para-los-estudiantes\/","title":{"rendered":"INFORMACI\u00d3N PARA ESTUDIANTES"},"content":{"rendered":"\n<p class=\"has-large-font-size\"><strong>Organigrama institucional<\/strong><\/p>\n\n\n\n<p><a href=\"https:\/\/drive.google.com\/file\/d\/1WngI8GFnRTfpvf00CGKar2u_qysdaewL\/view?usp=sharing\">ORGANIGRAMA<\/a><\/p>\n\n\n\n<p class=\"has-large-font-size\"><strong>R\u00e9gimen Acad\u00e9mico Marco<\/strong><\/p>\n\n\n\n<p><a href=\"https:\/\/drive.google.com\/file\/d\/12Tq5Pbc1TbqL_1xg6f24CH-XtxBkkGOG\/view?usp=drive_linkg\">R\u00e9gimen acad\u00e9mico Marco &#8211; ANEXO 1 <\/a><\/p>\n\n\n\n<p><a href=\"https:\/\/drive.google.com\/file\/d\/1cPadLf4ESRApx-wtZx9GrSMpY2LlU3kH\/view?usp=drive_link\">R\u00e9gimen acad\u00e9mico Marco &#8211; ANEXO 2<\/a><\/p>\n\n\n\n<p><a href=\"https:\/\/drive.google.com\/file\/d\/1tkDyADTBwtzYYz41pn4C1FIiiBq-5_y0\/view?usp=drive_link\">R\u00e9gimen acad\u00e9mico Marco &#8211; ANEXO 3<\/a><\/p>\n\n\n\n<p><a href=\"https:\/\/drive.google.com\/file\/d\/1ZKokRkztRqnQQU4MAJ_93q2LJwrCIt2p\/view?usp=drive_link\">R\u00e9gimen acad\u00e9mico Marco RESUMEN INSTITUCIONAL<\/a><\/p>\n\n\n\n<h1 class=\"wp-block-heading\"><strong>Correlatividades<\/strong><\/h1>\n\n\n\n<p><a href=\"https:\/\/drive.google.com\/drive\/folders\/1SaqqVxxQ7m_1agaw9pG9GgPCMJglqErL?usp=sharing\">CORRELATIVIDADES<\/a><\/p>\n\n\n\n<h1 class=\"wp-block-heading\">Dise\u00f1os Curriculares<\/h1>\n\n\n\n<p><a href=\"https:\/\/isfd160-bue.infd.edu.ar\/sitio\/wp-content\/uploads\/2022\/05\/MATEMATICA-1.pdf\">MATEM\u00c1TICA<\/a><\/p>\n\n\n\n<p><a href=\"https:\/\/isfd160-bue.infd.edu.ar\/sitio\/wp-content\/uploads\/2020\/12\/Psicopedagogia.pdf\">PSICOPEDAGOG\u00cdA<\/a><\/p>\n\n\n\n<p><a href=\"https:\/\/isfd160-bue.infd.edu.ar\/sitio\/wp-content\/uploads\/2020\/12\/1221-15-acompaniamiento-terapeutico.pdf\">ACOMPA\u00d1AMIENTO TERAP\u00c9UTICO<\/a><\/p>\n\n\n\n<p><a href=\"https:\/\/isfd160-bue.infd.edu.ar\/sitio\/wp-content\/uploads\/2022\/08\/Diseno-Curricular-Profesorado-de-Educacion-Inicial-y-primaria-1.pdf\">INICIAL<\/a><\/p>\n\n\n\n<p><a href=\"https:\/\/isfd160-bue.infd.edu.ar\/sitio\/wp-content\/uploads\/2022\/08\/Diseno-Curricular-Profesorado-de-Educacion-Especial.pdf\">ESPECIAL<\/a><\/p>\n\n\n\n<p><a href=\"https:\/\/isfd160-bue.infd.edu.ar\/sitio\/wp-content\/uploads\/2024\/05\/HISTORIA-DISENO-1.pdf\">HISTORIA <\/a><\/p>\n\n\n\n<p><a href=\"https:\/\/isfd160-bue.infd.edu.ar\/sitio\/wp-content\/uploads\/2024\/05\/TURISMO-DISENO.pdf\">TURISMO<\/a><\/p>\n\n\n\n<p><a href=\"https:\/\/isfd160-bue.infd.edu.ar\/sitio\/wp-content\/uploads\/2020\/12\/4paisajismo-res3808-06.pdf\">PAISAJISMO<\/a> (carrera cerrada)<\/p>\n\n\n\n<p><a href=\"https:\/\/isfd160-bue.infd.edu.ar\/sitio\/wp-content\/uploads\/2020\/12\/13259-99modif-por-3581-00-geografia.pdf\">GEOGRAF\u00cdA<\/a> (carrera cerrada)<\/p>\n\n\n\n<h2 class=\"wp-block-heading\">Planillas para presentar equivalencias<\/h2>\n\n\n\n<div class=\"wp-block-file\"><a id=\"wp-block-file--media-235899f7-f478-4c9d-96d6-187fcaa82002\" href=\"https:\/\/isfd160-bue.infd.edu.ar\/sitio\/wp-content\/uploads\/2026\/03\/EQUIVALENCIAS-PLANILLA-POR-ASIGNATURA.doc\">EQUIVALENCIAS-PLANILLA-POR-ASIGNATURA<\/a><a href=\"https:\/\/isfd160-bue.infd.edu.ar\/sitio\/wp-content\/uploads\/2026\/03\/EQUIVALENCIAS-PLANILLA-POR-ASIGNATURA.doc\" class=\"wp-block-file__button wp-element-button\" download aria-describedby=\"wp-block-file--media-235899f7-f478-4c9d-96d6-187fcaa82002\">Descarga<\/a><\/div>\n\n\n\n<div class=\"wp-block-file\"><a id=\"wp-block-file--media-20cf1e1f-8674-4d1b-8b52-d876477d0d6a\" href=\"https:\/\/isfd160-bue.infd.edu.ar\/sitio\/wp-content\/uploads\/2026\/03\/EQUIVALENCIAS-PLANILLA-RESUMEN.doc\">EQUIVALENCIAS-PLANILLA-RESUMEN<\/a><a href=\"https:\/\/isfd160-bue.infd.edu.ar\/sitio\/wp-content\/uploads\/2026\/03\/EQUIVALENCIAS-PLANILLA-RESUMEN.doc\" class=\"wp-block-file__button wp-element-button\" download aria-describedby=\"wp-block-file--media-20cf1e1f-8674-4d1b-8b52-d876477d0d6a\">Descarga<\/a><\/div>\n","protected":false},"excerpt":{"rendered":"<p>Organigrama institucional ORGANIGRAMA R\u00e9gimen Acad\u00e9mico Marco R\u00e9gimen acad\u00e9mico Marco &#8211; ANEXO 1 R\u00e9gimen acad\u00e9mico Marco &#8211; ANEXO 2 R\u00e9gimen acad\u00e9mico Marco &#8211; ANEXO 3 R\u00e9gimen acad\u00e9mico Marco RESUMEN INSTITUCIONAL Correlatividades CORRELATIVIDADES Dise\u00f1os Curriculares MATEM\u00c1TICA PSICOPEDAGOG\u00cdA ACOMPA\u00d1AMIENTO TERAP\u00c9UTICO INICIAL ESPECIAL HISTORIA TURISMO PAISAJISMO (carrera cerrada) GEOGRAF\u00cdA (carrera cerrada) Planillas para presentar equivalencias<\/p>\n","protected":false},"author":736,"featured_media":0,"parent":0,"menu_order":0,"comment_status":"closed","ping_status":"closed","template":"","meta":[],"acf":[],"_links":{"self":[{"href":"https:\/\/isfd160-bue.infd.edu.ar\/sitio\/wp-json\/wp\/v2\/pages\/1455"}],"collection":[{"href":"https:\/\/isfd160-bue.infd.edu.ar\/sitio\/wp-json\/wp\/v2\/pages"}],"about":[{"href":"https:\/\/isfd160-bue.infd.edu.ar\/sitio\/wp-json\/wp\/v2\/types\/page"}],"author":[{"embeddable":true,"href":"https:\/\/isfd160-bue.infd.edu.ar\/sitio\/wp-json\/wp\/v2\/users\/736"}],"replies":[{"embeddable":true,"href":"https:\/\/isfd160-bue.infd.edu.ar\/sitio\/wp-json\/wp\/v2\/comments?post=1455"}],"version-history":[{"count":90,"href":"https:\/\/isfd160-bue.infd.edu.ar\/sitio\/wp-json\/wp\/v2\/pages\/1455\/revisions"}],"predecessor-version":[{"id":3581,"href":"https:\/\/isfd160-bue.infd.edu.ar\/sitio\/wp-json\/wp\/v2\/pages\/1455\/revisions\/3581"}],"wp:attachment":[{"href":"https:\/\/isfd160-bue.infd.edu.ar\/sitio\/wp-json\/wp\/v2\/media?parent=1455"}],"curies":[{"name":"wp","href":"https:\/\/api.w.org\/{rel}","templated":true}]}}