{"id":1217,"date":"2018-08-29T21:22:19","date_gmt":"2018-08-30T00:22:19","guid":{"rendered":"https:\/\/isfd160-bue.infd.edu.ar\/sitio\/art-114-o-licencia-por-causas-particulares\/"},"modified":"2022-03-09T21:10:09","modified_gmt":"2022-03-10T00:10:09","slug":"art-114-o-licencia-por-causas-particulares","status":"publish","type":"page","link":"https:\/\/isfd160-bue.infd.edu.ar\/sitio\/art-114-o-licencia-por-causas-particulares\/","title":{"rendered":"Art. 114. O. Licencia por Causas Particulares."},"content":{"rendered":"<table border=\"0\">\n<tbody>\n<tr>\n<td style=\"background-color: #ff0000;\"><\/td>\n<td rowspan=\"10\">\u00a0<strong>\u00a0 Secretar\u00eda 160. Informaci\u00f3n Para Docentes.<\/strong><\/td>\n<\/tr>\n<tr>\n<td style=\"background-color: #3300ff;\"><\/td>\n<\/tr>\n<tr>\n<td style=\"background-color: #ffff00;\"><\/td>\n<\/tr>\n<\/tbody>\n<\/table>\n<p><span style=\"font-size: 12pt; font-family: 'trebuchet ms', geneva;\"><strong><span style=\"color: #008080;\">o)\u00a0\u00a0\u00a0\u00a0\u00a0 Por Causas Particulares:<\/span><\/strong><\/span><\/p>\n<p style=\"text-align: justify;\">\u00a0\u00a0\u00a0\u00a0<span style=\"color: #008080;\">\u00a0<\/span><span style=\"font-size: 10pt; font-family: 'trebuchet ms', geneva;\"><span style=\"color: #008080;\"> o.1) Personal Titular y Provisional:<\/span> El Docente tendr\u00e1 derecho a una Licencia sin sueldo, cuya duraci\u00f3n no podr\u00e1 exceder de veinticuatro (24) meses, que se graduar\u00e1 seg\u00fan la antig\u00fcedad total, conforme a lo establecido en el art\u00edculo 34 del Estatuto del Docente; de acuerdo con la siguiente escala:<\/span><\/p>\n<p style=\"text-align: justify;\"><span style=\"font-size: 10pt; font-family: 'trebuchet ms', geneva;\">\u00a0<\/span><\/p>\n<p style=\"text-align: justify;\"><span style=\"font-size: 10pt; font-family: 'trebuchet ms', geneva; color: #008080;\">A\u00f1os de antig\u00fcedad cumplidos\u00a0\u00a0\u00a0\u00a0\u00a0\u00a0\u00a0\u00a0\u00a0\u00a0\u00a0\u00a0\u00a0\u00a0\u00a0\u00a0\u00a0\u00a0\u00a0\u00a0\u00a0\u00a0\u00a0\u00a0\u00a0\u00a0\u00a0\u00a0\u00a0\u00a0\u00a0\u00a0\u00a0\u00a0\u00a0\u00a0\u00a0\u00a0\u00a0\u00a0\u00a0\u00a0\u00a0\u00a0\u00a0\u00a0\u00a0 Hasta<\/span><\/p>\n<p style=\"text-align: justify;\"><span style=\"font-size: 10pt; font-family: 'trebuchet ms', geneva;\">5\u00a0\u00a0\u00a0\u00a0\u00a0\u00a0\u00a0\u00a0\u00a0\u00a0\u00a0\u00a0\u00a0\u00a0\u00a0\u00a0\u00a0\u00a0\u00a0\u00a0\u00a0\u00a0\u00a0\u00a0\u00a0\u00a0\u00a0\u00a0\u00a0\u00a0\u00a0\u00a0\u00a0\u00a0\u00a0\u00a0\u00a0\u00a0\u00a0\u00a0\u00a0\u00a0\u00a0\u00a0\u00a0\u00a0\u00a0\u00a0\u00a0\u00a0\u00a0\u00a0\u00a0\u00a0\u00a0\u00a0\u00a0\u00a0\u00a0\u00a0\u00a0\u00a0\u00a0\u00a0\u00a0\u00a0\u00a0\u00a0\u00a0\u00a0\u00a0\u00a0\u00a0\u00a0\u00a0\u00a0\u00a0\u00a0\u00a0\u00a0\u00a0\u00a0\u00a0\u00a0\u00a0\u00a0\u00a0\u00a0\u00a0\u00a0\u00a0\u00a0\u00a0\u00a0\u00a0\u00a0\u00a0\u00a0\u00a0\u00a0\u00a0\u00a0\u00a0 6 meses<\/span><\/p>\n<p style=\"text-align: justify;\"><span style=\"font-size: 10pt; font-family: 'trebuchet ms', geneva;\">10\u00a0\u00a0\u00a0\u00a0\u00a0\u00a0\u00a0\u00a0\u00a0\u00a0\u00a0\u00a0\u00a0\u00a0\u00a0\u00a0\u00a0\u00a0\u00a0\u00a0\u00a0\u00a0\u00a0\u00a0\u00a0\u00a0\u00a0\u00a0\u00a0\u00a0\u00a0\u00a0\u00a0 \u00a0\u00a0\u00a0\u00a0\u00a0\u00a0\u00a0\u00a0\u00a0\u00a0\u00a0\u00a0\u00a0\u00a0\u00a0\u00a0\u00a0\u00a0\u00a0\u00a0\u00a0\u00a0\u00a0\u00a0\u00a0\u00a0\u00a0\u00a0\u00a0\u00a0\u00a0\u00a0\u00a0\u00a0\u00a0\u00a0\u00a0\u00a0\u00a0\u00a0\u00a0\u00a0\u00a0\u00a0\u00a0\u00a0\u00a0\u00a0\u00a0\u00a0\u00a0\u00a0\u00a0\u00a0\u00a0\u00a0\u00a0\u00a0\u00a0\u00a0\u00a0\u00a0\u00a0\u00a0\u00a0\u00a0\u00a0\u00a012 meses<\/span><\/p>\n<p style=\"text-align: justify;\"><span style=\"font-size: 10pt; font-family: 'trebuchet ms', geneva;\">15\u00a0\u00a0\u00a0\u00a0\u00a0\u00a0\u00a0\u00a0\u00a0\u00a0\u00a0\u00a0\u00a0\u00a0\u00a0\u00a0\u00a0\u00a0\u00a0\u00a0\u00a0\u00a0\u00a0\u00a0\u00a0\u00a0\u00a0\u00a0\u00a0\u00a0\u00a0\u00a0\u00a0\u00a0\u00a0\u00a0\u00a0\u00a0\u00a0\u00a0\u00a0\u00a0\u00a0\u00a0\u00a0\u00a0\u00a0\u00a0\u00a0\u00a0\u00a0\u00a0\u00a0\u00a0\u00a0\u00a0\u00a0\u00a0\u00a0\u00a0\u00a0\u00a0\u00a0\u00a0\u00a0\u00a0\u00a0\u00a0\u00a0\u00a0\u00a0\u00a0\u00a0\u00a0\u00a0\u00a0\u00a0\u00a0\u00a0\u00a0\u00a0\u00a0\u00a0\u00a0\u00a0\u00a0\u00a0\u00a0\u00a0\u00a0\u00a0\u00a0\u00a0\u00a0\u00a0\u00a0\u00a0\u00a0\u00a0\u00a0\u00a0 18 meses<\/span><\/p>\n<p style=\"text-align: justify;\"><span style=\"font-size: 10pt; font-family: 'trebuchet ms', geneva;\">20\u00a0\u00a0\u00a0\u00a0\u00a0\u00a0\u00a0\u00a0\u00a0\u00a0\u00a0\u00a0\u00a0\u00a0\u00a0\u00a0\u00a0\u00a0\u00a0\u00a0\u00a0\u00a0\u00a0\u00a0\u00a0\u00a0\u00a0\u00a0\u00a0\u00a0\u00a0\u00a0\u00a0\u00a0\u00a0\u00a0\u00a0\u00a0\u00a0\u00a0\u00a0\u00a0\u00a0\u00a0\u00a0\u00a0\u00a0\u00a0\u00a0\u00a0\u00a0\u00a0\u00a0\u00a0\u00a0\u00a0\u00a0\u00a0\u00a0\u00a0\u00a0\u00a0\u00a0 \u00a0\u00a0\u00a0\u00a0\u00a0\u00a0\u00a0\u00a0\u00a0\u00a0\u00a0\u00a0\u00a0\u00a0\u00a0\u00a0\u00a0\u00a0\u00a0\u00a0\u00a0\u00a0\u00a0\u00a0\u00a0\u00a0\u00a0\u00a0\u00a0\u00a0\u00a0\u00a0\u00a0\u00a0\u00a0\u00a0\u00a0\u00a024 meses<\/span><\/p>\n<p style=\"text-align: justify;\">\n<p style=\"text-align: justify;\"><span style=\"font-size: 10pt; font-family: 'trebuchet ms', geneva;\">\u00a0 o.2) <span style=\"color: #008080;\">El Personal Suplente<\/span> no gozar\u00e1 de este beneficio.<\/span><\/p>\n<p style=\"text-align: justify;\"><span style=\"font-size: 10pt; font-family: 'trebuchet ms', geneva;\">\u00a0\u00a0 o.3) La Licencia prevista en el inciso o.1) no podr\u00e1 fraccionarse para su uso.<\/span><\/p>\n<p style=\"text-align: justify;\"><span style=\"font-size: 10pt; font-family: 'trebuchet ms', geneva;\">Podr\u00e1 ser solicitada parcialmente o en la totalidad de cargos u horas c\u00e1tedra.<\/span><\/p>\n<p style=\"text-align: justify;\"><span style=\"font-size: 10pt; font-family: 'trebuchet ms', geneva;\">S\u00f3lo podr\u00e1 ser utilizada una vez en la carrera docente.<\/span><\/p>\n<p style=\"text-align: justify;\"><span style=\"font-size: 10pt; font-family: 'trebuchet ms', geneva;\">Esta Licencia incidir\u00e1 proporcionalmente en la percepci\u00f3n de los haberes de las vacaciones.<\/span><\/p>\n<p style=\"text-align: justify;\"><span style=\"font-size: 10pt; font-family: 'trebuchet ms', geneva;\">Cuando el Agente hubiere faltado al desempe\u00f1o de sus funciones hasta finalizar el ciclo escolar, por esta causal, y continu\u00e9 inasistiendo por la misma al iniciarse el inmediato posterior, la Licencia se considerar\u00e1 interrumpida a los efectos de los t\u00e9rminos y sueldos que determine esta Reglamentaci\u00f3n.<\/span><\/p>\n<p style=\"text-align: justify;\"><span style=\"font-size: 10pt; font-family: 'trebuchet ms', geneva;\">\u00a0\u00a0\u00a0\u00a0 o<span style=\"color: #008080;\">.4) Por Motivos de \u00cdndole Particular: Personal Titular y Provisional,<\/span> gozar\u00e1n de un (1) d\u00eda de Licencia por mes calendario y hasta un m\u00e1ximo de seis (6) por a\u00f1o, sin goce de haberes.<\/span><\/p>\n<p style=\"text-align: justify;\"><span style=\"font-size: 10pt; font-family: 'trebuchet ms', geneva;\">\u00a0\u00a0\u00a0\u00a0 o.5) Los per\u00edodos establecidos en el inciso o.1), no ser\u00e1n acumulativos.<\/span><\/p>\n<p style=\"text-align: justify;\"><span style=\"font-size: 12pt;\"><strong><span style=\"font-family: 'trebuchet ms', geneva;\">\u00a0\u00a0\u00a0\u00a0<span style=\"color: #008080;\">\u00a0 Disposiciones Comunes:<\/span><\/span><\/strong><\/span><\/p>\n<p style=\"text-align: justify;\"><span style=\"font-size: 10pt; font-family: 'trebuchet ms', geneva;\">\u00a0\u00a0\u00a0\u00a0 p.1) En el caso de las Licencias establecidas en los incisos a) con exclusi\u00f3n de lo previsto en el sub-inciso a.3.2), b), c), f), g) y ll), el Personal Docente Provisional gozar\u00e1 de dichas Licencias, en las condiciones y con los l\u00edmites all\u00ed establecidos, hasta un m\u00e1ximo acumulado de treinta (30) d\u00edas corridos, continuos o alternados en el a\u00f1o calendario, salvo que hayan alcanzado una antig\u00fcedad m\u00ednima de un (1) a\u00f1o en la docencia, en cuyo caso no se aplicar\u00e1 dicho tope, est\u00e1ndose a lo previsto particularmente en cada inciso.<\/span><\/p>\n<p style=\"text-align: justify;\"><span style=\"font-size: 10pt; font-family: 'trebuchet ms', geneva;\">En el caso del Personal Docente Suplente, y con referencia a los incisos a.1), b), c), f), g), y ll), gozar\u00e1 de dichas Licencias en las condiciones y con los l\u00edmites all\u00ed establecidos, hasta un m\u00e1ximo acumulado de tres (3) d\u00edas h\u00e1biles por mes de servicio efectivamente prestado en el a\u00f1o calendario, salvo que hayan alcanzado una antig\u00fcedad m\u00ednima de un (1) a\u00f1o en la docencia, en cuyo caso gozar\u00e1 de las Licencias citadas en dichos incisos en las mismas condiciones que el personal titular.<\/span><\/p>\n<p style=\"text-align: justify;\"><span style=\"font-size: 10pt; font-family: 'trebuchet ms', geneva;\">\u00a0\u00a0\u00a0\u00a0\u00a0\u00a0 p.2) Todas las Licencias que el Agente hubiere usufructuado con anterioridad a esta Reglamentaci\u00f3n, ser\u00e1n computadas a los efectos de los t\u00e9rminos establecidos.<\/span><\/p>\n<p style=\"text-align: justify;\">\n<table style=\"width: 545px; height: 99px;\" border=\"0\">\n<tbody>\n<tr>\n<td>\n<p style=\"text-align: center;\"><a title=\"Formulario Licencia 114 y 115\" href=\"upload\/Formulario_de_licencias_114_y_115__1.-.pdf\" target=\"_blank\" rel=\"noopener\">Descargar Formulario<\/a><\/p>\n<p style=\"text-align: left;\"><img decoding=\"async\" loading=\"lazy\" style=\"display: block; margin-left: auto; margin-right: auto;\" title=\"\" src=\"https:\/\/isfd160-bue.infd.edu.ar\/sitio\/wp-content\/uploads\/2018\/08\/DESCARGAR.png\" alt=\"\" width=\"83\" height=\"49\" border=\"0\" \/><\/p>\n<\/td>\n<\/tr>\n<\/tbody>\n<\/table>\n","protected":false},"excerpt":{"rendered":"<p>\u00a0\u00a0 Secretar\u00eda 160. Informaci\u00f3n Para Docentes. o)\u00a0\u00a0\u00a0\u00a0\u00a0 Por Causas Particulares: \u00a0\u00a0\u00a0\u00a0\u00a0 o.1) Personal Titular y Provisional: El Docente tendr\u00e1 derecho a una Licencia sin sueldo, cuya duraci\u00f3n no podr\u00e1 exceder de veinticuatro (24) meses, que se graduar\u00e1 seg\u00fan la antig\u00fcedad total, conforme a lo establecido en el art\u00edculo 34 del Estatuto del Docente; de acuerdo &#8230; <a title=\"Art. 114. O. Licencia por Causas Particulares.\" class=\"read-more\" href=\"https:\/\/isfd160-bue.infd.edu.ar\/sitio\/art-114-o-licencia-por-causas-particulares\/\" aria-label=\"More on Art. 114. O. Licencia por Causas Particulares.\">[+]<\/a><\/p>\n","protected":false},"author":7,"featured_media":0,"parent":0,"menu_order":0,"comment_status":"closed","ping_status":"closed","template":"","meta":[],"acf":[],"_links":{"self":[{"href":"https:\/\/isfd160-bue.infd.edu.ar\/sitio\/wp-json\/wp\/v2\/pages\/1217"}],"collection":[{"href":"https:\/\/isfd160-bue.infd.edu.ar\/sitio\/wp-json\/wp\/v2\/pages"}],"about":[{"href":"https:\/\/isfd160-bue.infd.edu.ar\/sitio\/wp-json\/wp\/v2\/types\/page"}],"author":[{"embeddable":true,"href":"https:\/\/isfd160-bue.infd.edu.ar\/sitio\/wp-json\/wp\/v2\/users\/7"}],"replies":[{"embeddable":true,"href":"https:\/\/isfd160-bue.infd.edu.ar\/sitio\/wp-json\/wp\/v2\/comments?post=1217"}],"version-history":[{"count":1,"href":"https:\/\/isfd160-bue.infd.edu.ar\/sitio\/wp-json\/wp\/v2\/pages\/1217\/revisions"}],"predecessor-version":[{"id":1925,"href":"https:\/\/isfd160-bue.infd.edu.ar\/sitio\/wp-json\/wp\/v2\/pages\/1217\/revisions\/1925"}],"wp:attachment":[{"href":"https:\/\/isfd160-bue.infd.edu.ar\/sitio\/wp-json\/wp\/v2\/media?parent=1217"}],"curies":[{"name":"wp","href":"https:\/\/api.w.org\/{rel}","templated":true}]}}