{"id":1215,"date":"2018-08-29T21:22:19","date_gmt":"2018-08-30T00:22:19","guid":{"rendered":"https:\/\/isfd160-bue.infd.edu.ar\/sitio\/art-114-n-licencias-por-donacion-de-organos-de-piel\/"},"modified":"2022-03-09T21:09:46","modified_gmt":"2022-03-10T00:09:46","slug":"art-114-n-licencias-por-donacion-de-organos-de-piel","status":"publish","type":"page","link":"https:\/\/isfd160-bue.infd.edu.ar\/sitio\/art-114-n-licencias-por-donacion-de-organos-de-piel\/","title":{"rendered":"Art. 114. \u00d1. Licencias Por Donaci\u00f3n de \u00d3rganos de Piel."},"content":{"rendered":"<table border=\"0\">\n<tbody>\n<tr>\n<td style=\"background-color: #ff0000;\"><\/td>\n<td rowspan=\"10\">\u00a0<strong>\u00a0 Secretar\u00eda 160. Informaci\u00f3n Para Docentes.<\/strong><\/td>\n<\/tr>\n<tr>\n<td style=\"background-color: #3300ff;\"><\/td>\n<\/tr>\n<tr>\n<td style=\"background-color: #ffff00;\"><\/td>\n<\/tr>\n<\/tbody>\n<\/table>\n<p style=\"text-align: justify;\"><span style=\"color: #008080;\"><strong><span style=\"font-size: 12pt; font-family: 'trebuchet ms', geneva;\">\u00a0\u00a0\u00f1) Por Donaci\u00f3n de \u00d3rganos o Piel:<\/span><\/strong><\/span><\/p>\n<p style=\"text-align: justify;\"><span style=\"font-size: 10pt; font-family: 'trebuchet ms', geneva;\"><span style=\"color: #008080;\">Personal Titular, Provisional o Suplente:<\/span> Estos dos \u00faltimos mientras dure su situaci\u00f3n de revista como tales:<\/span><\/p>\n<p style=\"text-align: justify;\"><span style=\"font-size: 10pt; font-family: 'trebuchet ms', geneva;\">\u00a0\u00a0\u00a0 \u00f1.1) Se les conceder\u00e1 de dos (2) a ciento ochenta (180) d\u00eda corridos, con goce \u00edntegro de haberes, seg\u00fan lo prescripto por la Junta M\u00e9dica interviniente.\u00a0 \u00f1.2) Para el uso de esta Licencia el Agente deber\u00e1 adjuntar a la solicitud:<\/span><\/p>\n<p style=\"text-align: justify;\"><span style=\"font-size: 10pt; font-family: 'trebuchet ms', geneva;\">\u00f1.2.1) Por Donaci\u00f3n de Piel: La certificaci\u00f3n m\u00e9dica donde se indique la necesidad del acto.<\/span><\/p>\n<p style=\"text-align: justify;\"><span style=\"font-size: 10pt; font-family: 'trebuchet ms', geneva;\">\u00f1.2.2) Por Donaci\u00f3n de \u00d3rganos: La certificaci\u00f3n de la Autoridad Nacional, Provincial o Internacional respectiva.<\/span><\/p>\n<p style=\"text-align: justify;\">\n","protected":false},"excerpt":{"rendered":"<p>\u00a0\u00a0 Secretar\u00eda 160. Informaci\u00f3n Para Docentes. \u00a0\u00a0\u00f1) Por Donaci\u00f3n de \u00d3rganos o Piel: Personal Titular, Provisional o Suplente: Estos dos \u00faltimos mientras dure su situaci\u00f3n de revista como tales: \u00a0\u00a0\u00a0 \u00f1.1) Se les conceder\u00e1 de dos (2) a ciento ochenta (180) d\u00eda corridos, con goce \u00edntegro de haberes, seg\u00fan lo prescripto por la Junta M\u00e9dica &#8230; <a title=\"Art. 114. \u00d1. Licencias Por Donaci\u00f3n de \u00d3rganos de Piel.\" class=\"read-more\" href=\"https:\/\/isfd160-bue.infd.edu.ar\/sitio\/art-114-n-licencias-por-donacion-de-organos-de-piel\/\" aria-label=\"More on Art. 114. \u00d1. Licencias Por Donaci\u00f3n de \u00d3rganos de Piel.\">[+]<\/a><\/p>\n","protected":false},"author":7,"featured_media":0,"parent":0,"menu_order":0,"comment_status":"closed","ping_status":"closed","template":"","meta":[],"acf":[],"_links":{"self":[{"href":"https:\/\/isfd160-bue.infd.edu.ar\/sitio\/wp-json\/wp\/v2\/pages\/1215"}],"collection":[{"href":"https:\/\/isfd160-bue.infd.edu.ar\/sitio\/wp-json\/wp\/v2\/pages"}],"about":[{"href":"https:\/\/isfd160-bue.infd.edu.ar\/sitio\/wp-json\/wp\/v2\/types\/page"}],"author":[{"embeddable":true,"href":"https:\/\/isfd160-bue.infd.edu.ar\/sitio\/wp-json\/wp\/v2\/users\/7"}],"replies":[{"embeddable":true,"href":"https:\/\/isfd160-bue.infd.edu.ar\/sitio\/wp-json\/wp\/v2\/comments?post=1215"}],"version-history":[{"count":1,"href":"https:\/\/isfd160-bue.infd.edu.ar\/sitio\/wp-json\/wp\/v2\/pages\/1215\/revisions"}],"predecessor-version":[{"id":1924,"href":"https:\/\/isfd160-bue.infd.edu.ar\/sitio\/wp-json\/wp\/v2\/pages\/1215\/revisions\/1924"}],"wp:attachment":[{"href":"https:\/\/isfd160-bue.infd.edu.ar\/sitio\/wp-json\/wp\/v2\/media?parent=1215"}],"curies":[{"name":"wp","href":"https:\/\/api.w.org\/{rel}","templated":true}]}}