{"id":1211,"date":"2018-08-29T21:22:17","date_gmt":"2018-08-30T00:22:17","guid":{"rendered":"https:\/\/isfd160-bue.infd.edu.ar\/sitio\/art-114-m-por-citacion-de-autoridad-competente\/"},"modified":"2022-03-09T21:08:15","modified_gmt":"2022-03-10T00:08:15","slug":"art-114-m-por-citacion-de-autoridad-competente","status":"publish","type":"page","link":"https:\/\/isfd160-bue.infd.edu.ar\/sitio\/art-114-m-por-citacion-de-autoridad-competente\/","title":{"rendered":"Art. 114. M. Por Citaci\u00f3n de Autoridad Competente."},"content":{"rendered":"<table border=\"0\">\n<tbody>\n<tr>\n<td style=\"background-color: #ff0000;\"><\/td>\n<td rowspan=\"7\">\u00a0<strong>\u00a0 Secretar\u00eda 160. Informaci\u00f3n Para Docentes.<\/strong><\/td>\n<\/tr>\n<tr>\n<td style=\"background-color: #3300ff;\"><\/td>\n<\/tr>\n<tr>\n<td style=\"background-color: #ffff00;\"><\/td>\n<\/tr>\n<\/tbody>\n<\/table>\n<p><span style=\"color: #008080;\"><strong><span style=\"font-family: 'trebuchet ms', geneva; font-size: 12pt;\">m)\u00a0\u00a0\u00a0 Por Citaci\u00f3n de Autoridad competente.<\/span><\/strong><\/span><\/p>\n<p style=\"text-align: justify;\">\u00a0<span style=\"font-size: 10pt; font-family: 'trebuchet ms', geneva;\"><span style=\"color: #008080;\"> m.1) Personal Titular, Provisional y Suplente<\/span>: Estos \u00faltimos mientras dure su situaci\u00f3n de revista como tal:<\/span><\/p>\n<p style=\"text-align: justify;\"><span style=\"font-size: 10pt; font-family: 'trebuchet ms', geneva;\"><span style=\"color: #008080;\">m.1.1<\/span>) En caso que la Autoridad competente de la Direcci\u00f3n General de Escuelas y\u00a0 Cultura, cite al Agente por asuntos de cualquier naturaleza que lo obliguen a alejarse de su funci\u00f3n, se le otorgar\u00e1 Licencia especial con goce \u00edntegro de haberes por el tiempo que sea necesario, teniendo en cuenta la distancia que medie entre el lugar de prestaci\u00f3n de servicios y el fijado para su comparencia.<\/span><\/p>\n<p style=\"text-align: justify;\"><span style=\"font-size: 10pt; font-family: 'trebuchet ms', geneva;\"><span style=\"color: #008080;\">m.1.2)<\/span> Por citaci\u00f3n de Autoridad Judicial o Administrativa, se le justificar\u00e1n las inasistencias con goce \u00edntegro de haberes, cuando coincidan con el horario de labor, teni\u00e9ndose en cuenta la distancia que medie entre el lugar de prestaci\u00f3n de servicios y el fijado para su comparecencia.<\/span><\/p>\n","protected":false},"excerpt":{"rendered":"<p>\u00a0\u00a0 Secretar\u00eda 160. Informaci\u00f3n Para Docentes. m)\u00a0\u00a0\u00a0 Por Citaci\u00f3n de Autoridad competente. \u00a0 m.1) Personal Titular, Provisional y Suplente: Estos \u00faltimos mientras dure su situaci\u00f3n de revista como tal: m.1.1) En caso que la Autoridad competente de la Direcci\u00f3n General de Escuelas y\u00a0 Cultura, cite al Agente por asuntos de cualquier naturaleza que lo obliguen &#8230; <a title=\"Art. 114. M. Por Citaci\u00f3n de Autoridad Competente.\" class=\"read-more\" href=\"https:\/\/isfd160-bue.infd.edu.ar\/sitio\/art-114-m-por-citacion-de-autoridad-competente\/\" aria-label=\"More on Art. 114. M. Por Citaci\u00f3n de Autoridad Competente.\">[+]<\/a><\/p>\n","protected":false},"author":7,"featured_media":0,"parent":0,"menu_order":0,"comment_status":"closed","ping_status":"closed","template":"","meta":[],"acf":[],"_links":{"self":[{"href":"https:\/\/isfd160-bue.infd.edu.ar\/sitio\/wp-json\/wp\/v2\/pages\/1211"}],"collection":[{"href":"https:\/\/isfd160-bue.infd.edu.ar\/sitio\/wp-json\/wp\/v2\/pages"}],"about":[{"href":"https:\/\/isfd160-bue.infd.edu.ar\/sitio\/wp-json\/wp\/v2\/types\/page"}],"author":[{"embeddable":true,"href":"https:\/\/isfd160-bue.infd.edu.ar\/sitio\/wp-json\/wp\/v2\/users\/7"}],"replies":[{"embeddable":true,"href":"https:\/\/isfd160-bue.infd.edu.ar\/sitio\/wp-json\/wp\/v2\/comments?post=1211"}],"version-history":[{"count":1,"href":"https:\/\/isfd160-bue.infd.edu.ar\/sitio\/wp-json\/wp\/v2\/pages\/1211\/revisions"}],"predecessor-version":[{"id":1922,"href":"https:\/\/isfd160-bue.infd.edu.ar\/sitio\/wp-json\/wp\/v2\/pages\/1211\/revisions\/1922"}],"wp:attachment":[{"href":"https:\/\/isfd160-bue.infd.edu.ar\/sitio\/wp-json\/wp\/v2\/media?parent=1211"}],"curies":[{"name":"wp","href":"https:\/\/api.w.org\/{rel}","templated":true}]}}