{"id":1209,"date":"2018-08-29T21:22:17","date_gmt":"2018-08-30T00:22:17","guid":{"rendered":"https:\/\/isfd160-bue.infd.edu.ar\/sitio\/art-114-ll-por-pre-examen-y-examen\/"},"modified":"2022-03-09T21:07:32","modified_gmt":"2022-03-10T00:07:32","slug":"art-114-ll-por-pre-examen-y-examen","status":"publish","type":"page","link":"https:\/\/isfd160-bue.infd.edu.ar\/sitio\/art-114-ll-por-pre-examen-y-examen\/","title":{"rendered":"Art. 114. LL. Por Pre-Examen y Examen."},"content":{"rendered":"<table style=\"font-size: inherit;\" border=\"0\">\n<tbody>\n<tr>\n<td style=\"background-color: #ff0000;\"><\/td>\n<td rowspan=\"5\">\u00a0<strong>\u00a0 Secretar\u00eda 160. Informaci\u00f3n Para Docentes.\u00a0<\/strong><\/td>\n<\/tr>\n<tr>\n<td style=\"background-color: #3300ff;\"><\/td>\n<\/tr>\n<tr>\n<td style=\"background-color: #ffff00;\"><\/td>\n<\/tr>\n<\/tbody>\n<\/table>\n<p><strong><span style=\"font-size: 12pt; font-family: 'trebuchet ms', geneva; color: #008080;\">ll) Por Pre-Examen y Examen.<\/span><\/strong><\/p>\n<p style=\"text-align: justify;\">\u00a0<span style=\"color: #008080;\">\u00a0 l<span style=\"font-size: 10pt; font-family: 'trebuchet ms', geneva;\">l.1) Personal Titular y Provisional<\/span><\/span><span style=\"font-size: 10pt; font-family: 'trebuchet ms', geneva;\">: Este \u00faltimo mientras dure su situaci\u00f3n de revista como tal:<\/span><\/p>\n<p style=\"text-align: justify;\"><span style=\"font-size: 10pt; font-family: 'trebuchet ms', geneva;\"><span style=\"color: #008080;\">ll.1.1)<\/span> Cuando se cursen carreras universitarias o terciarias, de grado o de post-grado, o se realicen cursos en los Institutos Superiores de Formaci\u00f3n Docente, se conceder\u00e1n h<strong>asta un total de doce (12) d\u00edas h\u00e1biles por a\u00f1o calendario<\/strong> para la preparaci\u00f3n de ex\u00e1menes. No podr\u00e1n ser utilizados en bloques de m\u00e1s de tres (3) d\u00edas por examen, y deber\u00e1n ser acordados en los d\u00edas inmediatos anteriores a la fecha fijada para los mismos.<\/span><\/p>\n<p style=\"text-align: justify;\"><span style=\"font-size: 10pt; font-family: 'trebuchet ms', geneva;\"><strong>Adem\u00e1s se conceder\u00e1 un (1) d\u00eda de Licencia por cada d\u00eda de examen<\/strong>, la que ser\u00e1 prorrogada autom\u00e1ticamente cuando la mesa examinadora no se re\u00fana o postergue su cometido.<\/span><\/p>\n<p style=\"text-align: justify;\"><span style=\"font-size: 10pt; font-family: 'trebuchet ms', geneva;\"><span style=\"color: #008080;\">ll.1.2)<\/span> Cuando se trate de ense\u00f1anza secundaria o especializada no comprendida en el punto anterior, hasta un total de seis (6) d\u00edas h\u00e1biles por a\u00f1o calendario, en los d\u00edas inmediatos anteriores, incluido el d\u00eda del examen.<\/span><\/p>\n<p style=\"text-align: justify;\"><span style=\"font-size: 10pt; font-family: 'trebuchet ms', geneva;\"><span style=\"color: #008080;\">ll.1.3)<\/span> Cuando se trate de pr\u00e1cticas docentes obligatorias previstas en los planes de estudios de las Universidades, Institutos Superiores de Formaci\u00f3n Docente dependientes de la Direcci\u00f3n General de Escuelas y Cultura, de establecimientos nacionales y privados reconocidos por la Direcci\u00f3n General de Escuelas y Cultura, por todo el per\u00edodo que duren las mismas, siempre que medie superposici\u00f3n horaria en el desempe\u00f1o en el cargo y\/u horas c\u00e1tedras en que se solicitara la Licencia. El Superior Jer\u00e1rquico deber\u00e1 controlar la existencia de la superposici\u00f3n horaria.<\/span><\/p>\n<p style=\"text-align: justify;\"><span style=\"font-size: 10pt; font-family: 'trebuchet ms', geneva;\"><span style=\"color: #008080;\">ll.1.4)<\/span> En caso de intervenci\u00f3n en los Concursos que prescribe el Estatuto del Docente, hasta un total de cinco (5) d\u00edas h\u00e1biles por a\u00f1o calendario para capacitaci\u00f3n previa. En caso que el Docente no se presentara a todas las pruebas, las inasistencias en que incurriere ser\u00e1n consideradas injustificadas. El Director del Servicio deber\u00e1 requerir la presentaci\u00f3n del certificado correspondiente.<\/span><\/p>\n<p style=\"text-align: justify;\"><span style=\"font-size: 10pt; font-family: 'trebuchet ms', geneva;\">Asimismo gozar\u00e1 de Licencia el d\u00eda de cada una de las pruebas.<\/span><\/p>\n<p style=\"text-align: justify;\"><span style=\"font-size: 10pt; font-family: 'trebuchet ms', geneva;\"><span style=\"color: #008080;\">ll.1.5)<\/span> Cuando se realicen cursos en los Institutos Superiores de Formaci\u00f3n Docente dependientes de la Direcci\u00f3n General de Escuelas y Cultura, bajo la modalidad \u201cno residentes\u201d, se otorgar\u00e1 una Licencia hasta un total de quince (15) d\u00edas h\u00e1biles por a\u00f1o calendario. Este beneficio ser\u00e1 acordado en per\u00edodos de hasta cinco (5) d\u00edas h\u00e1biles por mes y no m\u00e1s de tres (3) veces en el a\u00f1o calendario.<\/span><\/p>\n<p style=\"text-align: justify;\"><span style=\"font-size: 10pt; font-family: 'trebuchet ms', geneva;\">\u00a0\u00a0<span style=\"color: #008080;\"> ll.2)<\/span> Personal Suplente: Se le acordar\u00e1 el d\u00eda de el examen en los supuestos de los casos ll.1.1) y ll.1.2), y el d\u00eda de las pruebas de oposici\u00f3n en el supuesto del caso ll.1.4), cuando su desempe\u00f1o en el ciclo lectivo no sea menor de tres (3) meses.<\/span><\/p>\n<p style=\"text-align: justify;\"><span style=\"font-size: 10pt; font-family: 'trebuchet ms', geneva;\">En el supuesto del inciso ll.1.3), en iguales condiciones que el Personal Titular y Provisional, siempre que su desempe\u00f1o en el ciclo lectivo no sea menor de tres (3) meses.<\/span><\/p>\n<p style=\"text-align: justify;\"><span style=\"font-size: 10pt; font-family: 'trebuchet ms', geneva;\">\u00a0\u00a0 <span style=\"color: #008080;\">ll.3)<\/span> La justificaci\u00f3n de las inasistencias por el inciso ll), se realizar\u00e1 con la presentaci\u00f3n del certificado extendido por la autoridad competente, dentro de los quince (15) d\u00edas posteriores al mismo. Cuando razones justificadas no permitan al Agente rendir examen, y haga hecho uso de la Licencia por pre-examen, esta quedar\u00e1 pendiente de justificaci\u00f3n por un plazo de hasta ciento ochenta (180) d\u00edas corridos, y si en dicho per\u00edodo no acredita haber rendido examen que justifique la Licencia utilizada, se dispondr\u00e1 el descuento de sus haberes, como si se tratara de inasistencias injustificadas. Para hacerse acreedor de este beneficio, el Agente deber\u00e1 comunicar tal circunstancia, por nota, al Director del Servicio, quien lo elevar\u00e1 al Consejo Escolar, con las certificaciones que correspondieren.<\/span><\/p>\n<p style=\"text-align: justify;\">\n<table style=\"margin-left: auto; margin-right: auto;\" border=\"0\">\n<tbody>\n<tr>\n<td><strong><a title=\"Formulario Licencia 114 y 115\" href=\"upload\/Formulario_de_licencias_114_y_115__1.-.pdf\" target=\"_blank\" rel=\"noopener\">Descargar Formulario<\/a><\/strong><\/p>\n<p><strong><a title=\"Formulario Licencia 114 y 115\" href=\"upload\/Formulario_de_licencias_114_y_115__1.-.pdf\" target=\"_blank\" rel=\"noopener\"><img decoding=\"async\" loading=\"lazy\" style=\"display: block; margin-left: auto; margin-right: auto;\" title=\"\" src=\"https:\/\/isfd160-bue.infd.edu.ar\/sitio\/wp-content\/uploads\/2018\/08\/DESCARGAR.png\" alt=\"\" width=\"86\" height=\"51\" border=\"0\" \/><\/a><\/strong><\/td>\n<\/tr>\n<\/tbody>\n<\/table>\n","protected":false},"excerpt":{"rendered":"<p>\u00a0\u00a0 Secretar\u00eda 160. Informaci\u00f3n Para Docentes.\u00a0 ll) Por Pre-Examen y Examen. \u00a0\u00a0 ll.1) Personal Titular y Provisional: Este \u00faltimo mientras dure su situaci\u00f3n de revista como tal: ll.1.1) Cuando se cursen carreras universitarias o terciarias, de grado o de post-grado, o se realicen cursos en los Institutos Superiores de Formaci\u00f3n Docente, se conceder\u00e1n hasta un &#8230; <a title=\"Art. 114. LL. Por Pre-Examen y Examen.\" class=\"read-more\" href=\"https:\/\/isfd160-bue.infd.edu.ar\/sitio\/art-114-ll-por-pre-examen-y-examen\/\" aria-label=\"More on Art. 114. LL. Por Pre-Examen y Examen.\">[+]<\/a><\/p>\n","protected":false},"author":7,"featured_media":0,"parent":0,"menu_order":0,"comment_status":"closed","ping_status":"closed","template":"","meta":[],"acf":[],"_links":{"self":[{"href":"https:\/\/isfd160-bue.infd.edu.ar\/sitio\/wp-json\/wp\/v2\/pages\/1209"}],"collection":[{"href":"https:\/\/isfd160-bue.infd.edu.ar\/sitio\/wp-json\/wp\/v2\/pages"}],"about":[{"href":"https:\/\/isfd160-bue.infd.edu.ar\/sitio\/wp-json\/wp\/v2\/types\/page"}],"author":[{"embeddable":true,"href":"https:\/\/isfd160-bue.infd.edu.ar\/sitio\/wp-json\/wp\/v2\/users\/7"}],"replies":[{"embeddable":true,"href":"https:\/\/isfd160-bue.infd.edu.ar\/sitio\/wp-json\/wp\/v2\/comments?post=1209"}],"version-history":[{"count":1,"href":"https:\/\/isfd160-bue.infd.edu.ar\/sitio\/wp-json\/wp\/v2\/pages\/1209\/revisions"}],"predecessor-version":[{"id":1921,"href":"https:\/\/isfd160-bue.infd.edu.ar\/sitio\/wp-json\/wp\/v2\/pages\/1209\/revisions\/1921"}],"wp:attachment":[{"href":"https:\/\/isfd160-bue.infd.edu.ar\/sitio\/wp-json\/wp\/v2\/media?parent=1209"}],"curies":[{"name":"wp","href":"https:\/\/api.w.org\/{rel}","templated":true}]}}