{"id":1203,"date":"2018-08-29T21:22:15","date_gmt":"2018-08-30T00:22:15","guid":{"rendered":"https:\/\/isfd160-bue.infd.edu.ar\/sitio\/art-114-i-unidad-familiar-o-cuidado-de-familiar-a-cargo\/"},"modified":"2022-03-09T21:03:44","modified_gmt":"2022-03-10T00:03:44","slug":"art-114-i-unidad-familiar-o-cuidado-de-familiar-a-cargo","status":"publish","type":"page","link":"https:\/\/isfd160-bue.infd.edu.ar\/sitio\/art-114-i-unidad-familiar-o-cuidado-de-familiar-a-cargo\/","title":{"rendered":"Art 114. I. Unidad Familiar o Cuidado de Familiar a Cargo."},"content":{"rendered":"<p style=\"text-align: justify;\"><span style=\"font-family: 'trebuchet ms', geneva; font-size: 10pt;\">\u00a0 \u00a0 \u00a0 \u00a0 \u00a0 \u00a0 \u00a0 \u00a0 \u00a0\u00a0<\/span><\/p>\n<table border=\"0\">\n<tbody>\n<tr>\n<td style=\"background-color: #ff0000;\"><\/td>\n<td rowspan=\"5\">\u00a0<strong>\u00a0 Secretar\u00eda 160. Informaci\u00f3n Para Docentes.<\/strong><\/td>\n<\/tr>\n<tr>\n<td style=\"background-color: #3300ff;\"><\/td>\n<\/tr>\n<tr>\n<td style=\"background-color: #ffff00;\"><\/td>\n<\/tr>\n<\/tbody>\n<\/table>\n<p style=\"text-align: justify;\">\n<p style=\"text-align: justify;\"><span style=\"font-size: 12pt; color: #008080;\"><strong><span style=\"font-family: 'trebuchet ms', geneva;\">Unidad Familiar o Cuidado de Familiar a Cargo:<\/span><\/strong><\/span><\/p>\n<p style=\"text-align: justify;\"><span style=\"color: #008080;\"><strong><span style=\"font-family: 'trebuchet ms', geneva; font-size: 10pt;\">\u00a0\u00a0 i.1) Unidad familiar:<\/span><\/strong><\/span><\/p>\n<p style=\"text-align: justify;\"><span style=\"font-family: 'trebuchet ms', geneva; font-size: 10pt;\"><span style=\"color: #008080;\">i.1.1) Personal Titular y Provisional,<\/span> este \u00faltimo mientras dure su situaci\u00f3n de revista como tal: Se le otorgar\u00e1 Licencia por razones de unidad familiar, sin goce de haberes por un per\u00edodo de hasta tres (3) a\u00f1os, renovable anualmente, en circunstancias debidamente justificadas, cuando por motivos laborales, algunos de los miembros del n\u00facleo familiar, deba trasladarse a otro Distrito de la Provincia de Buenos Aires, a\u00a0 la Capital Federal, a la Ant\u00e1rtida e Islas del Atl\u00e1ntico Sur, a otras Provincias o al extranjero. Enti\u00e9ndese por n\u00facleo familiar el constituido por c\u00f3nyuge y\/o conviviente, padres e hijos que convivan habitualmente en hogar com\u00fan.<\/span><\/p>\n<p style=\"text-align: justify;\"><span style=\"font-family: 'trebuchet ms', geneva; font-size: 10pt;\">En el caso de que con la Jurisdicci\u00f3n a la que se traslade el Personal, exista Convenio Interjurisdiccional, no podr\u00e1 solicitarse la presente Licencia, otorg\u00e1ndose el pase correspondiente.<\/span><\/p>\n<p style=\"text-align: justify;\"><span style=\"font-family: 'trebuchet ms', geneva; font-size: 10pt;\">i.1.2) Cuando el motivo del traslado del Personal Docente sea el cumplimiento por parte del miembro del n\u00facleo familiar, de una Misi\u00f3n Oficial, del Estado Nacional, Provincial o Municipal, el per\u00edodo de la Licencia no tendr\u00e1 l\u00edmites.<\/span><\/p>\n<p style=\"text-align: justify;\"><span style=\"font-family: 'trebuchet ms', geneva; font-size: 10pt;\"><span style=\"color: #008080;\"><strong>i.1.3) Personal Suplente:<\/strong><\/span> no gozar\u00e1 de este beneficio<\/span><\/p>\n","protected":false},"excerpt":{"rendered":"<p>\u00a0 \u00a0 \u00a0 \u00a0 \u00a0 \u00a0 \u00a0 \u00a0 \u00a0\u00a0 \u00a0\u00a0 Secretar\u00eda 160. Informaci\u00f3n Para Docentes. Unidad Familiar o Cuidado de Familiar a Cargo: \u00a0\u00a0 i.1) Unidad familiar: i.1.1) Personal Titular y Provisional, este \u00faltimo mientras dure su situaci\u00f3n de revista como tal: Se le otorgar\u00e1 Licencia por razones de unidad familiar, sin goce de haberes &#8230; <a title=\"Art 114. I. Unidad Familiar o Cuidado de Familiar a Cargo.\" class=\"read-more\" href=\"https:\/\/isfd160-bue.infd.edu.ar\/sitio\/art-114-i-unidad-familiar-o-cuidado-de-familiar-a-cargo\/\" aria-label=\"More on Art 114. I. Unidad Familiar o Cuidado de Familiar a Cargo.\">[+]<\/a><\/p>\n","protected":false},"author":7,"featured_media":0,"parent":0,"menu_order":0,"comment_status":"closed","ping_status":"closed","template":"","meta":[],"acf":[],"_links":{"self":[{"href":"https:\/\/isfd160-bue.infd.edu.ar\/sitio\/wp-json\/wp\/v2\/pages\/1203"}],"collection":[{"href":"https:\/\/isfd160-bue.infd.edu.ar\/sitio\/wp-json\/wp\/v2\/pages"}],"about":[{"href":"https:\/\/isfd160-bue.infd.edu.ar\/sitio\/wp-json\/wp\/v2\/types\/page"}],"author":[{"embeddable":true,"href":"https:\/\/isfd160-bue.infd.edu.ar\/sitio\/wp-json\/wp\/v2\/users\/7"}],"replies":[{"embeddable":true,"href":"https:\/\/isfd160-bue.infd.edu.ar\/sitio\/wp-json\/wp\/v2\/comments?post=1203"}],"version-history":[{"count":1,"href":"https:\/\/isfd160-bue.infd.edu.ar\/sitio\/wp-json\/wp\/v2\/pages\/1203\/revisions"}],"predecessor-version":[{"id":1917,"href":"https:\/\/isfd160-bue.infd.edu.ar\/sitio\/wp-json\/wp\/v2\/pages\/1203\/revisions\/1917"}],"wp:attachment":[{"href":"https:\/\/isfd160-bue.infd.edu.ar\/sitio\/wp-json\/wp\/v2\/media?parent=1203"}],"curies":[{"name":"wp","href":"https:\/\/api.w.org\/{rel}","templated":true}]}}