{"id":1201,"date":"2018-08-29T21:22:14","date_gmt":"2018-08-30T00:22:14","guid":{"rendered":"https:\/\/isfd160-bue.infd.edu.ar\/sitio\/art-114-g-y-h-por-donacion-de-sangre-y-por-razones-de-profilaxis\/"},"modified":"2022-03-09T21:04:15","modified_gmt":"2022-03-10T00:04:15","slug":"art-114-g-y-h-por-donacion-de-sangre-y-por-razones-de-profilaxis","status":"publish","type":"page","link":"https:\/\/isfd160-bue.infd.edu.ar\/sitio\/art-114-g-y-h-por-donacion-de-sangre-y-por-razones-de-profilaxis\/","title":{"rendered":"Art. 114 G y H. Por Donaci\u00f3n de Sangre y Por razones de Profilaxis."},"content":{"rendered":"<table border=\"0\">\n<tbody>\n<tr>\n<td style=\"background-color: #ff0000;\"><\/td>\n<td rowspan=\"5\">\u00a0<strong>\u00a0 Secretar\u00eda 160. Informaci\u00f3n Para Docentes.\u00a0<\/strong><\/td>\n<\/tr>\n<tr>\n<td style=\"background-color: #3300ff;\"><\/td>\n<\/tr>\n<tr>\n<td style=\"background-color: #ffff33;\"><\/td>\n<\/tr>\n<\/tbody>\n<\/table>\n<p style=\"text-align: justify;\"><strong><span style=\"color: #008080; font-size: 12pt; font-family: 'trebuchet ms', geneva;\">Por Donaci\u00f3n de Sangre.<\/span><\/strong><\/p>\n<p style=\"text-align: justify;\"><strong><span style=\"font-family: 'trebuchet ms', geneva; font-size: 10pt; color: #008080;\">g)\u00a0\u00a0\u00a0\u00a0\u00a0 Por Donaci\u00f3n de Sangre:<\/span><\/strong><\/p>\n<p style=\"text-align: justify;\"><span style=\"font-family: 'trebuchet ms', geneva; font-size: 10pt;\">\u00a0<span style=\"color: #008080;\">\u00a0 g.1) Personal Titular, Provisional o Suplente:<\/span> se conceder\u00e1 al Agente Licencia con goce \u00edntegro de haberes por Donaci\u00f3n de Sangre, el d\u00eda de la extracci\u00f3n. La justificaci\u00f3n de esta inasistencia se realizar\u00e1 con la presentaci\u00f3n del Certificado expedido por Autoridad Competente.<\/span><\/p>\n<p style=\"text-align: justify;\"><span style=\"font-family: 'trebuchet ms', geneva; font-size: 10pt;\">\u00a0<\/span><\/p>\n<p style=\"text-align: justify;\"><span style=\"color: #008080;\"><strong><span style=\"font-family: 'trebuchet ms', geneva; font-size: 10pt;\">h)\u00a0\u00a0\u00a0\u00a0\u00a0 Por Razones de Profilaxis:<\/span><\/strong><\/span><\/p>\n<p style=\"text-align: justify;\"><span style=\"font-family: 'trebuchet ms', geneva; font-size: 10pt;\"><span style=\"color: #008080;\">\u00a0\u00a0 h.1) Personal Titular, Provisional y Suplente:<\/span> La presunci\u00f3n de una enfermedad que por su naturaleza haga procedente el alejamiento del Agente por razones de profilaxis o de seguridad en beneficio propio, de los alumnos, o de las personas con las que comparte sus tareas, facultar\u00e1 a la Autoridad Escolar correspondiente, a disponer el inmediato alejamiento del medio en que desempe\u00f1a sus funciones, con percepci\u00f3n de haberes.<\/span><\/p>\n<p style=\"text-align: justify;\"><span style=\"font-family: 'trebuchet ms', geneva; font-size: 10pt;\">El Agente ser\u00e1 de inmediato sometido al examen m\u00e9dico y si el dictamen as\u00ed lo aconsejare, le ser\u00e1 impuesta la Licencia que encuadre en esta Reglamentaci\u00f3n.<\/span><\/p>\n<p style=\"text-align: justify;\"><span style=\"font-family: 'trebuchet ms', geneva; font-size: 10pt;\">En caso contrario, ser\u00e1 reintegrado de inmediato a sus funciones, no comput\u00e1ndosele inasistencias.<\/span><\/p>\n","protected":false},"excerpt":{"rendered":"<p>\u00a0\u00a0 Secretar\u00eda 160. Informaci\u00f3n Para Docentes.\u00a0 Por Donaci\u00f3n de Sangre. g)\u00a0\u00a0\u00a0\u00a0\u00a0 Por Donaci\u00f3n de Sangre: \u00a0\u00a0 g.1) Personal Titular, Provisional o Suplente: se conceder\u00e1 al Agente Licencia con goce \u00edntegro de haberes por Donaci\u00f3n de Sangre, el d\u00eda de la extracci\u00f3n. La justificaci\u00f3n de esta inasistencia se realizar\u00e1 con la presentaci\u00f3n del Certificado expedido por &#8230; <a title=\"Art. 114 G y H. Por Donaci\u00f3n de Sangre y Por razones de Profilaxis.\" class=\"read-more\" href=\"https:\/\/isfd160-bue.infd.edu.ar\/sitio\/art-114-g-y-h-por-donacion-de-sangre-y-por-razones-de-profilaxis\/\" aria-label=\"More on Art. 114 G y H. Por Donaci\u00f3n de Sangre y Por razones de Profilaxis.\">[+]<\/a><\/p>\n","protected":false},"author":7,"featured_media":0,"parent":0,"menu_order":0,"comment_status":"closed","ping_status":"closed","template":"","meta":[],"acf":[],"_links":{"self":[{"href":"https:\/\/isfd160-bue.infd.edu.ar\/sitio\/wp-json\/wp\/v2\/pages\/1201"}],"collection":[{"href":"https:\/\/isfd160-bue.infd.edu.ar\/sitio\/wp-json\/wp\/v2\/pages"}],"about":[{"href":"https:\/\/isfd160-bue.infd.edu.ar\/sitio\/wp-json\/wp\/v2\/types\/page"}],"author":[{"embeddable":true,"href":"https:\/\/isfd160-bue.infd.edu.ar\/sitio\/wp-json\/wp\/v2\/users\/7"}],"replies":[{"embeddable":true,"href":"https:\/\/isfd160-bue.infd.edu.ar\/sitio\/wp-json\/wp\/v2\/comments?post=1201"}],"version-history":[{"count":1,"href":"https:\/\/isfd160-bue.infd.edu.ar\/sitio\/wp-json\/wp\/v2\/pages\/1201\/revisions"}],"predecessor-version":[{"id":1918,"href":"https:\/\/isfd160-bue.infd.edu.ar\/sitio\/wp-json\/wp\/v2\/pages\/1201\/revisions\/1918"}],"wp:attachment":[{"href":"https:\/\/isfd160-bue.infd.edu.ar\/sitio\/wp-json\/wp\/v2\/media?parent=1201"}],"curies":[{"name":"wp","href":"https:\/\/api.w.org\/{rel}","templated":true}]}}