{"id":1197,"date":"2018-08-29T21:22:13","date_gmt":"2018-08-30T00:22:13","guid":{"rendered":"https:\/\/isfd160-bue.infd.edu.ar\/sitio\/art-114-b-y-c-por-examen-medico-prematrimonial-y-por-matrimonio\/"},"modified":"2022-03-09T21:01:48","modified_gmt":"2022-03-10T00:01:48","slug":"art-114-b-y-c-por-examen-medico-prematrimonial-y-por-matrimonio","status":"publish","type":"page","link":"https:\/\/isfd160-bue.infd.edu.ar\/sitio\/art-114-b-y-c-por-examen-medico-prematrimonial-y-por-matrimonio\/","title":{"rendered":"Art. 114. B. y C. Por Examen M\u00e9dico Prematrimonial y por Matrimonio."},"content":{"rendered":"<table style=\"width: 578px; height: 160px;\" border=\"0\">\n<tbody>\n<tr>\n<td style=\"background-color: #ff0000;\"><\/td>\n<td rowspan=\"3\">\u00a0<strong>\u00a0 Secretar\u00eda 160. Informaci\u00f3n Para Docentes.\u00a0<\/strong><\/td>\n<\/tr>\n<tr>\n<td style=\"background-color: #3300ff;\"><\/td>\n<\/tr>\n<tr>\n<td style=\"background-color: #ffff00;\"><\/td>\n<\/tr>\n<\/tbody>\n<\/table>\n<p><span style=\"color: #008080;\"><strong><span style=\"font-family: 'trebuchet ms', geneva; font-size: 12pt;\">Por Examen M\u00e9dico Prematrimonial y por Matrimonio.<\/span><\/strong><\/span><\/p>\n<p><span style=\"font-size: 10pt; color: #008080;\"><strong><span style=\"font-family: 'trebuchet ms', geneva;\">B.Examen M\u00e9dico Prematrimonial.<\/span><\/strong><\/span><\/p>\n<p style=\"text-align: justify;\"><span style=\"font-size: 10pt; font-family: 'trebuchet ms', geneva;\"><span style=\"color: #008080;\">b.1. Personal titular, provisional y suplente<\/span> \u00a0se le conceder\u00e1n dos d\u00edas h\u00e1biles con goce de haberes.<\/span><\/p>\n<p style=\"text-align: justify;\"><span style=\"font-size: 10pt; font-family: 'trebuchet ms', geneva;\">\u00a0El agente\u00a0 que invoque esta causal deber\u00e1 presentar ante su superior jer\u00e1rquico, el certificado del organismo oficial interviniente.<\/span><\/p>\n<p style=\"text-align: justify;\"><span style=\"color: #008080;\"><strong><span style=\"font-size: 10pt; font-family: 'trebuchet ms', geneva;\">C. Por matrimonio.<\/span><\/strong><\/span><\/p>\n<p style=\"text-align: justify;\"><span style=\"font-size: 10pt; font-family: 'trebuchet ms', geneva;\"><span style=\"color: #008080;\">c.1 ) Al personal titular y provisional<\/span> se le otorgar\u00e1 doce (12) d\u00edas corridos de licencia con goce de haberes,\u00a0 a partir de la fecha de celebrado el matrimonio.<\/span><\/p>\n<p style=\"text-align: justify;\"><span style=\"font-size: 10pt; font-family: 'trebuchet ms', geneva;\"><span style=\"color: #008080;\">c.2\u00a0 Al personal suplente<\/span> mientras dure su situaci\u00f3n de revista como tal\u00a0 se le conceder\u00e1n seis\u00a0 d\u00edas h\u00e1biles\u00a0 de licencia con goce de haberes,\u00a0 a partir de la fecha de celebrado el matrimonio.<\/span><\/p>\n<p style=\"text-align: justify;\">\n<table style=\"width: 859px; height: 40px;\" border=\"0\">\n<tbody>\n<tr>\n<td style=\"text-align: center;\"><\/td>\n<td><span style=\"font-size: 10pt; font-family: 'trebuchet ms', geneva;\">La justificaci\u00f3n de estas inasistencias se realizar\u00e1 con la presentaci\u00f3n del certificado de matrimonio expedido por autoridad competente<\/span><\/td>\n<\/tr>\n<\/tbody>\n<\/table>\n<p style=\"text-align: justify;\"><span style=\"font-size: 10pt; font-family: 'trebuchet ms', geneva;\">\u00a0<\/span><\/p>\n","protected":false},"excerpt":{"rendered":"<p>\u00a0\u00a0 Secretar\u00eda 160. Informaci\u00f3n Para Docentes.\u00a0 Por Examen M\u00e9dico Prematrimonial y por Matrimonio. B.Examen M\u00e9dico Prematrimonial. b.1. Personal titular, provisional y suplente \u00a0se le conceder\u00e1n dos d\u00edas h\u00e1biles con goce de haberes. \u00a0El agente\u00a0 que invoque esta causal deber\u00e1 presentar ante su superior jer\u00e1rquico, el certificado del organismo oficial interviniente. C. Por matrimonio. c.1 ) &#8230; <a title=\"Art. 114. B. y C. Por Examen M\u00e9dico Prematrimonial y por Matrimonio.\" class=\"read-more\" href=\"https:\/\/isfd160-bue.infd.edu.ar\/sitio\/art-114-b-y-c-por-examen-medico-prematrimonial-y-por-matrimonio\/\" aria-label=\"More on Art. 114. B. y C. Por Examen M\u00e9dico Prematrimonial y por Matrimonio.\">[+]<\/a><\/p>\n","protected":false},"author":7,"featured_media":0,"parent":0,"menu_order":0,"comment_status":"closed","ping_status":"closed","template":"","meta":[],"acf":[],"_links":{"self":[{"href":"https:\/\/isfd160-bue.infd.edu.ar\/sitio\/wp-json\/wp\/v2\/pages\/1197"}],"collection":[{"href":"https:\/\/isfd160-bue.infd.edu.ar\/sitio\/wp-json\/wp\/v2\/pages"}],"about":[{"href":"https:\/\/isfd160-bue.infd.edu.ar\/sitio\/wp-json\/wp\/v2\/types\/page"}],"author":[{"embeddable":true,"href":"https:\/\/isfd160-bue.infd.edu.ar\/sitio\/wp-json\/wp\/v2\/users\/7"}],"replies":[{"embeddable":true,"href":"https:\/\/isfd160-bue.infd.edu.ar\/sitio\/wp-json\/wp\/v2\/comments?post=1197"}],"version-history":[{"count":3,"href":"https:\/\/isfd160-bue.infd.edu.ar\/sitio\/wp-json\/wp\/v2\/pages\/1197\/revisions"}],"predecessor-version":[{"id":1914,"href":"https:\/\/isfd160-bue.infd.edu.ar\/sitio\/wp-json\/wp\/v2\/pages\/1197\/revisions\/1914"}],"wp:attachment":[{"href":"https:\/\/isfd160-bue.infd.edu.ar\/sitio\/wp-json\/wp\/v2\/media?parent=1197"}],"curies":[{"name":"wp","href":"https:\/\/api.w.org\/{rel}","templated":true}]}}