{"id":1193,"date":"2018-08-29T21:22:11","date_gmt":"2018-08-30T00:22:11","guid":{"rendered":"https:\/\/isfd160-bue.infd.edu.ar\/sitio\/art-114-f-licencia-por-atencion-de-familiar-enfermo\/"},"modified":"2022-03-09T21:03:02","modified_gmt":"2022-03-10T00:03:02","slug":"art-114-f-licencia-por-atencion-de-familiar-enfermo","status":"publish","type":"page","link":"https:\/\/isfd160-bue.infd.edu.ar\/sitio\/art-114-f-licencia-por-atencion-de-familiar-enfermo\/","title":{"rendered":"Art. 114. F. Licencia por Atenci\u00f3n de Familiar Enfermo."},"content":{"rendered":"<table border=\"0\">\n<tbody>\n<tr>\n<td style=\"background-color: #ff0000;\"><\/td>\n<td rowspan=\"5\">\u00a0<strong>\u00a0 Secretar\u00eda 160. Informaci\u00f3n Para Docentes.\u00a0<\/strong><\/td>\n<\/tr>\n<tr>\n<td style=\"background-color: #3300ff;\"><\/td>\n<\/tr>\n<tr>\n<td style=\"background-color: #ffff00;\"><\/td>\n<\/tr>\n<\/tbody>\n<\/table>\n<p><span style=\"font-family: 'trebuchet ms', geneva; font-size: 12pt;\"><strong>Por Atenci\u00f3n de Familiar Enfermo.<\/strong><\/span><\/p>\n<p style=\"text-align: justify;\">f<span style=\"font-size: 10pt; font-family: 'trebuchet ms', geneva;\">.1) Personal Titular: se le conceder\u00e1 al Agente hasta un m\u00e1ximo de veinte (20) d\u00edas corridos, continuos o alternados, por a\u00f1o calendario con goce \u00edntegro de haberes. Esta Licencia podr\u00e1 ampliarse en treinta (30) d\u00edas corridos m\u00e1s, sin goce de haberes. <strong><a title=\"Instructivo RUAMEL\" href=\"upload\/Instructivo_para_gestionar_licencias_medicas_SIGME.pdf\" target=\"_blank\" rel=\"noopener\">(Deber\u00e1 sacar Ruamel.)<\/a><\/strong><\/span><\/p>\n<p style=\"text-align: justify;\">\n<p style=\"text-align: justify;\"><strong><span style=\"font-size: 10pt; font-family: 'trebuchet ms', geneva;\">A la solicitud de Licencia se adjuntar\u00e1 una Declaraci\u00f3n Jurada del Agente, en la que se especificar\u00e1:<\/span><\/strong><\/p>\n<p style=\"text-align: justify;\"><span style=\"font-size: 10pt; font-family: 'trebuchet ms', geneva;\">f.1.1) Que el Agente es el \u00fanico familiar que puede llenar ese cometido.<\/span><\/p>\n<p style=\"text-align: justify;\"><span style=\"font-size: 10pt; font-family: 'trebuchet ms', geneva;\">f.1.2) Que el familiar enfermo no puede valerse por sus propios medios para desarrollar las actividades elementales.<\/span><\/p>\n<p style=\"text-align: justify;\"><span style=\"font-size: 10pt; font-family: 'trebuchet ms', geneva;\">Si el familiar enfermo se hallare internado en un establecimiento asistencial, el Agente tendr\u00e1 derecho a esta Licencia cuando se haga imprescindible su presencia. Esta situaci\u00f3n ser\u00e1 constatada por la Autoridad M\u00e9dica correspondiente.<\/span><\/p>\n<p style=\"text-align: justify;\"><span style=\"font-size: 10pt; font-family: 'trebuchet ms', geneva;\">\u00a0\u00a0 f.2) Personal Provisional: en iguales condiciones que al Personal Titular, siempre que su duraci\u00f3n no exceda la d\u00e9cima parte de los servicios prestados en la provisionalidad durante el a\u00f1o calendario en que solicite la Licencia.<\/span><\/p>\n<p style=\"text-align: justify;\"><span style=\"font-size: 10pt; font-family: 'trebuchet ms', geneva;\">\u00a0 f.3) Personal Suplente: Gozar\u00e1 de dos (2) d\u00edas h\u00e1biles por a\u00f1o calendario con goce \u00edntegro de haberes.<\/span><\/p>\n<p style=\"text-align: justify;\"><span style=\"font-size: 10pt; font-family: 'trebuchet ms', geneva;\">\u00a0\u00a0\u00a0\u00a0\u00a0\u00a0 f.4) <strong>Para el otorgamiento de estas Licencias, el Agente deber\u00e1 expresar con car\u00e1cter de Declaraci\u00f3n Jurada, la constituci\u00f3n de su grupo familiar, al tomar posesi\u00f3n del cargo, debiendo hacer saber las modificaciones que se produjeren<\/strong>. <\/span><\/p>\n<p style=\"text-align: justify;\"><span style=\"font-size: 10pt; font-family: 'trebuchet ms', geneva;\">Se conceder\u00e1 Licencia al Docente, cuando la solicitud se realice para la atenci\u00f3n del c\u00f3nyuge o c\u00f3nyuge aparente, y de los padres, hermanos o hijos, convivan o no con \u00e9l, siempre que no haya otro familiar que pueda atenderlo.<\/span><\/p>\n<p style=\"text-align: justify;\"><span style=\"font-size: 10pt; font-family: 'trebuchet ms', geneva;\">Esta Licencia ser\u00e1 certificada por la Direcci\u00f3n de Reconocimientos M\u00e9dicos, y\/o sus Delegaciones Regionales y\/o Delegaciones de la Direcci\u00f3n General de Escuelas y Cultura.<\/span><\/p>\n<p style=\"text-align: justify;\"><span style=\"font-size: 10pt; font-family: 'trebuchet ms', geneva;\">En caso de producirse dos (2) inasistencias consecutivas por esa causal, se computar\u00e1 el per\u00edodo de d\u00edas h\u00e1biles e inh\u00e1biles que medie entre ambas.<\/span><\/p>\n","protected":false},"excerpt":{"rendered":"<p>\u00a0\u00a0 Secretar\u00eda 160. Informaci\u00f3n Para Docentes.\u00a0 Por Atenci\u00f3n de Familiar Enfermo. f.1) Personal Titular: se le conceder\u00e1 al Agente hasta un m\u00e1ximo de veinte (20) d\u00edas corridos, continuos o alternados, por a\u00f1o calendario con goce \u00edntegro de haberes. Esta Licencia podr\u00e1 ampliarse en treinta (30) d\u00edas corridos m\u00e1s, sin goce de haberes. (Deber\u00e1 sacar Ruamel.) &#8230; <a title=\"Art. 114. F. Licencia por Atenci\u00f3n de Familiar Enfermo.\" class=\"read-more\" href=\"https:\/\/isfd160-bue.infd.edu.ar\/sitio\/art-114-f-licencia-por-atencion-de-familiar-enfermo\/\" aria-label=\"More on Art. 114. F. Licencia por Atenci\u00f3n de Familiar Enfermo.\">[+]<\/a><\/p>\n","protected":false},"author":7,"featured_media":0,"parent":0,"menu_order":0,"comment_status":"closed","ping_status":"closed","template":"","meta":[],"acf":[],"_links":{"self":[{"href":"https:\/\/isfd160-bue.infd.edu.ar\/sitio\/wp-json\/wp\/v2\/pages\/1193"}],"collection":[{"href":"https:\/\/isfd160-bue.infd.edu.ar\/sitio\/wp-json\/wp\/v2\/pages"}],"about":[{"href":"https:\/\/isfd160-bue.infd.edu.ar\/sitio\/wp-json\/wp\/v2\/types\/page"}],"author":[{"embeddable":true,"href":"https:\/\/isfd160-bue.infd.edu.ar\/sitio\/wp-json\/wp\/v2\/users\/7"}],"replies":[{"embeddable":true,"href":"https:\/\/isfd160-bue.infd.edu.ar\/sitio\/wp-json\/wp\/v2\/comments?post=1193"}],"version-history":[{"count":1,"href":"https:\/\/isfd160-bue.infd.edu.ar\/sitio\/wp-json\/wp\/v2\/pages\/1193\/revisions"}],"predecessor-version":[{"id":1916,"href":"https:\/\/isfd160-bue.infd.edu.ar\/sitio\/wp-json\/wp\/v2\/pages\/1193\/revisions\/1916"}],"wp:attachment":[{"href":"https:\/\/isfd160-bue.infd.edu.ar\/sitio\/wp-json\/wp\/v2\/media?parent=1193"}],"curies":[{"name":"wp","href":"https:\/\/api.w.org\/{rel}","templated":true}]}}