{"id":1191,"date":"2018-08-29T21:22:11","date_gmt":"2018-08-30T00:22:11","guid":{"rendered":"https:\/\/isfd160-bue.infd.edu.ar\/sitio\/art-114-a3-licencia-por-enfermedad-profesional-o-accidente-de-trabajo\/"},"modified":"2022-03-09T20:59:32","modified_gmt":"2022-03-09T23:59:32","slug":"art-114-a3-licencia-por-enfermedad-profesional-o-accidente-de-trabajo","status":"publish","type":"page","link":"https:\/\/isfd160-bue.infd.edu.ar\/sitio\/art-114-a3-licencia-por-enfermedad-profesional-o-accidente-de-trabajo\/","title":{"rendered":"Art. 114. A3. Licencia por Enfermedad Profesional o Accidente de Trabajo"},"content":{"rendered":"<table style=\"width: 502px; height: 131px;\" border=\"0\">\n<tbody>\n<tr>\n<td style=\"background-color: #ff0000;\"><\/td>\n<td style=\"text-align: left;\" rowspan=\"3\">\u00a0<strong>\u00a0<\/strong><strong>S<\/strong><strong>ecret<\/strong><strong>ar\u00eda<\/strong><strong>\u00a0160. Informaci\u00f3n Para Docentes. \u00a0 \u00a0<\/strong><\/td>\n<\/tr>\n<tr>\n<td style=\"background-color: #3300ff;\"><\/td>\n<\/tr>\n<tr>\n<td style=\"background-color: #ffff00;\"><\/td>\n<\/tr>\n<\/tbody>\n<\/table>\n<p><span style=\"color: #008080;\">\u00a0<\/span><span style=\"color: #888888; font-size: 12pt; font-family: 'trebuchet ms', geneva;\"><strong><span style=\"color: #008080;\">Licencia por Enfermedad Profesional y Accidente de Trabajo<\/span>.<\/strong><\/span><\/p>\n<p style=\"text-align: justify;\"><span style=\"font-size: 10pt; font-family: 'trebuchet ms', geneva;\"><span style=\"color: #008080;\"><strong>a) 3.1 Personal titular.<\/strong><\/span><span style=\"text-align: justify;\"> Toda vez que el agente adquiera una incapacidad total o parcial, temporaria o permanente por alguna de estas causales, tendr\u00e1 derecho a licencias hasta un <\/span><strong style=\"font-family: 'trebuchet ms', geneva; font-size: 10pt; text-align: justify;\">m\u00e1ximo de 1095 d\u00edas en forma continua o alternada con goce integro de haberes.<\/strong>\u00a0<\/span><\/p>\n<p style=\"text-align: justify;\"><span style=\"font-size: 10pt; font-family: 'trebuchet ms', geneva;\">\u00a0<\/span><\/p>\n<p style=\"text-align: justify;\"><span style=\"font-size: 10pt; font-family: 'trebuchet ms', geneva;\"><strong><span style=\"color: #008080;\">a) 3.2 Personal provisional y\/o suplente,<\/span><\/strong> en iguales condiciones que el personal titular. Si durante el periodo de licencia acordado por esta causal se produjera el cese del agente, este permanecer\u00e1 percibiendo una compensaci\u00f3n equivalente al haber normal que debiera percibir hasta la finalizaci\u00f3n de dicho per\u00edodo.<\/span><\/p>\n<p style=\"text-align: justify;\"><span style=\"font-size: 10pt; font-family: 'trebuchet ms', geneva;\">\u00a0<\/span><\/p>\n<p style=\"text-align: justify;\"><span style=\"font-size: 10pt; font-family: 'trebuchet ms', geneva;\">a) 3.3. El personal jer\u00e1rquico del agente que <strong>sufriera un accidente de trabajo deber\u00e1 realizar la denuncia del mismo ante la autoridad polic\u00eda correspondiente y ante el Consejo Escolar del distrito<\/strong>, p<strong>ara ser elevada de inmediato con el correspondiente pedido de licencia a la Direcci\u00f3n de Personal de la D.G.C y E<\/strong>, <strong>dentro de los dos d\u00edas h\u00e1biles;<\/strong> adem\u00e1s deber\u00e1 labrar un acta haciendo constar como ocurrieron los hechos, la que deber\u00e1 ser firmada por dos testigos, si los hubiere.\u00a0 Con todos estos antecedentes deber\u00e1 presentarse en la delegaci\u00f3n correspondiente de la Subsecretaria de Trabajo de la\u00a0 Provincia de Buenos Aires, donde se har\u00e1 el expediente respectivo.<\/span><\/p>\n<p style=\"text-align: justify;\"><span style=\"font-size: 10pt; font-family: 'trebuchet ms', geneva;\">\u00a0<\/span><\/p>\n<p style=\"text-align: justify;\"><span style=\"font-size: 10pt; font-family: 'trebuchet ms', geneva;\">a) 3.4\u00a0 Si el accidente ocurriera en el trayecto que media entre el lugar de trabajo y el domicilio del agente, el superior jer\u00e1rquico deber\u00e1 certificar que el mismo tuvo lugar en la ruta usual, sin que esta hubiere sido alterada por inter\u00e9s particular del docente o por cualquier raz\u00f3n extra\u00f1a al trabajo.<\/span><\/p>\n<p style=\"text-align: justify;\"><span style=\"font-size: 10pt; font-family: 'trebuchet ms', geneva;\">Si hubiera en el trayecto de un lugar de trabajo al otro la denuncia deber\u00e1 ser formulada en el lugar a que se dirig\u00eda.<\/span><\/p>\n<p style=\"text-align: justify;\"><span style=\"font-size: 10pt; font-family: 'trebuchet ms', geneva;\">a.3.5 El agente que sufra un accidente\u00a0 de trabajo deber\u00e1 comunicarlo a los establecimiento\u00a0 en los qu\u00e9 `presta servicio dentro de los dos d\u00edas de sucedido.<\/span><\/p>\n<p style=\"text-align: justify;\"><span style=\"font-size: 10pt; font-family: 'trebuchet ms', geneva;\"><span style=\"color: #008080;\"><strong>a) 4. Disposiciones comunes<\/strong><\/span>:<\/span><\/p>\n<p style=\"text-align: justify;\"><span style=\"font-size: 10pt; font-family: 'trebuchet ms', geneva;\">a) 4.1. La Direcci\u00f3n de Reconocimientos M\u00e9dicos y\/o delegaciones regionales y\/o delegaciones de la Direcci\u00f3n General de Cultura y Educaci\u00f3n, quedan facultadas para proceder a encuadrar las licencias\u00a0 precedentes dentro de los respectivos supuestos. Para la concesi\u00f3n de las licencias previstas en los puntos a)2, y a)3. se requerir\u00e1 necesariamente la constituci\u00f3n de una junta m\u00e9dica. Para la concesi\u00f3n de las licencias previstas en los puntos a)1., a)2. y a)3., y cuando el agente se halle imposibilitado de deambular, se realizar\u00e1n controles a domicilio dentro del plazo de dos d\u00edas de haberse requerido la licencia.<\/span><\/p>\n<p style=\"text-align: justify;\"><span style=\"font-size: 10pt; font-family: 'trebuchet ms', geneva;\"><span style=\"color: #33cccc;\"><strong>a) 4.2. Las licencias por enfermedad se otorgar\u00e1n por d\u00edas corridos.<\/strong><\/span> En caso de producirse dos inasistencias consecutivas por dicha causa se computar\u00e1 el periodo, laborable y no laborable, que medie entre\u00a0 ellas. Cuando el agente haya faltado al desempe\u00f1o de sus funciones hasta finalizar el curso escolar por las causas previstas en este art\u00edculo y contin\u00fae inasistiendo al iniciarse el inmediato posterior, la licencia correspondiente se considerar\u00e1 ininterrumpida a los efectos de los t\u00e9rminos y sueldos que determina este reglamento.<\/span><\/p>\n<p style=\"text-align: justify;\"><span style=\"font-size: 10pt; font-family: 'trebuchet ms', geneva;\">a) 4.3. El agente que se halle en uso de licencia extraordinaria por enfermedad profesional o accidente de trabajo, podr\u00e1 en cualquier momento solicitar el alta a la junta m\u00e9dica correspondiente.<\/span><\/p>\n<p style=\"text-align: justify;\"><span style=\"font-size: 10pt; font-family: 'trebuchet ms', geneva;\">a) 4.4. Todo docente en uso de licencia por enfermedad psiqui\u00e1trica, infectocontagiosa o licencia extraordinaria concedida por junta m\u00e9dica, deber\u00e1 solicitar al vencimiento de la misma a la Direcci\u00f3n de Reconocimientos M\u00e9dicos, sus delegaciones regionales o delegaciones de la Direcci\u00f3n General de Cultura y Educaci\u00f3n, el alta correspondiente a los efectos de reintegrarse a sus funciones.<\/span><\/p>\n<p style=\"text-align: justify;\"><span style=\"font-size: 10pt; font-family: 'trebuchet ms', geneva;\">a) 4.5. El docente que solicite licencia extraordinaria deber\u00e1 adjuntar a la solicitud de la misma su historia cl\u00ednica, diagn\u00f3stico del m\u00e9dico particular, talones de licencias anteriores relacionadas con el pedido y todo otro dato que avale la solicitud. La documentaci\u00f3n presentada deber\u00e1 ser clara y legible.<\/span><\/p>\n<p style=\"text-align: justify;\"><span style=\"font-size: 10pt; font-family: 'trebuchet ms', geneva;\"><strong>a) 4.6. Cuando por motivos circunstanciales el agente enfermara fuera del distrito en el que reside, previo aviso por telegrama, deber\u00e1 presentar a su regreso una certificaci\u00f3n con diagn\u00f3stico y t\u00e9rmino de d\u00edas, expedida por profesionales m\u00e9dicos pertenecientes a reparticiones nacionales,\u00a0 provinciales o municipales<\/strong>. <strong>Si ocurriera en el extranjero, la certificaci\u00f3n oficial deber\u00e1 ser presentada traducida al castellano, debi\u00e9ndose dar intervenci\u00f3n a la representaci\u00f3n consular argentina del lugar, a efectos de autenticar la documentaci\u00f3n.<\/strong> En todos los casos se deber\u00e1 adjuntar a la solicitud de licencia, una nota explicativa en la que se consignar\u00e1 el domicilio accidental, la que se presentar\u00e1 con toda la documentaci\u00f3n mencionada en el p\u00e1rrafo anterior, en la dependencia en la que el agente presta servicios, para su elevaci\u00f3n a la Direcci\u00f3n de Personal, la que la remitir\u00e1 a la Direcci\u00f3n de Reconocimientos M\u00e9dicos, agregando al respectivo formulario de licencias m\u00e9dicas los datos personales del agente. Si la licencia solicitada fuera superior a diez d\u00edas corridos, la misma no ser\u00e1 justificada si a su reintegro no presentare la historia cl\u00ednica legible, con descripci\u00f3n de: diagn\u00f3stico, evoluci\u00f3n de la afecci\u00f3n, fecha de alta, ex\u00e1menes cl\u00ednicos y de laboratorio, etc. y tratamiento efectuado, todo ello debidamente traducido y autenticado si correspondiere.<\/span><\/p>\n<p style=\"text-align: justify;\"><span style=\"font-size: 10pt; font-family: 'trebuchet ms', geneva;\">\u00a0<\/span><\/p>\n<p style=\"text-align: justify;\"><span style=\"font-size: 10pt; font-family: 'trebuchet ms', geneva;\">\u00a0<\/span><\/p>\n<p style=\"text-align: justify;\"><span style=\"font-size: 10pt; font-family: 'trebuchet ms', geneva;\">\u00a0<\/span><\/p>\n<p style=\"text-align: justify;\"><span style=\"font-size: 10pt; font-family: 'trebuchet ms', geneva;\">\u00a0<\/span><\/p>\n<p style=\"text-align: justify;\"><span style=\"font-size: 10pt; font-family: 'trebuchet ms', geneva;\">\u00a0<\/span><\/p>\n<p style=\"text-align: justify;\"><span style=\"font-size: 10pt; font-family: 'trebuchet ms', geneva;\">\u00a0<\/span><\/p>\n<p style=\"text-align: justify;\"><span style=\"font-size: 10pt; font-family: 'trebuchet ms', geneva;\">\u00a0<\/span><\/p>\n<p style=\"text-align: justify;\"><span style=\"font-size: 10pt; font-family: 'trebuchet ms', geneva;\">\u00a0<\/span><\/p>\n<p style=\"text-align: justify;\"><span style=\"font-size: 10pt; font-family: 'trebuchet ms', geneva;\">\u00a0<\/span><\/p>\n<p style=\"text-align: justify;\"><span style=\"font-size: 10pt; font-family: 'trebuchet ms', geneva;\">\u00a0<\/span><\/p>\n<p style=\"text-align: justify;\"><span style=\"font-size: 10pt; font-family: 'trebuchet ms', geneva;\">\u00a0<\/span><\/p>\n<p style=\"text-align: justify;\"><span style=\"font-size: 10pt; font-family: 'trebuchet ms', geneva;\">\u00a0<\/span><\/p>\n<p style=\"text-align: justify;\"><span style=\"font-size: 10pt; font-family: 'trebuchet ms', geneva;\">\u00a0<\/span><\/p>\n<p style=\"text-align: justify;\"><span style=\"font-size: 10pt; font-family: 'trebuchet ms', geneva;\">\u00a0<\/span><\/p>\n<p style=\"text-align: justify;\"><span style=\"font-size: 10pt; font-family: 'trebuchet ms', geneva;\">\u00a0<\/span><\/p>\n<p style=\"text-align: justify;\"><span style=\"font-size: 10pt; font-family: 'trebuchet ms', geneva;\">\u00a0<\/span><\/p>\n<p style=\"text-align: justify;\"><span style=\"font-size: 10pt; font-family: 'trebuchet ms', geneva;\">\u00a0<\/span><\/p>\n<p style=\"text-align: justify;\"><span style=\"font-size: 10pt; font-family: 'trebuchet ms', geneva;\">\u00a0<\/span><\/p>\n","protected":false},"excerpt":{"rendered":"<p>\u00a0\u00a0Secretar\u00eda\u00a0160. Informaci\u00f3n Para Docentes. \u00a0 \u00a0 \u00a0Licencia por Enfermedad Profesional y Accidente de Trabajo. a) 3.1 Personal titular. Toda vez que el agente adquiera una incapacidad total o parcial, temporaria o permanente por alguna de estas causales, tendr\u00e1 derecho a licencias hasta un m\u00e1ximo de 1095 d\u00edas en forma continua o alternada con goce integro &#8230; <a title=\"Art. 114. A3. Licencia por Enfermedad Profesional o Accidente de Trabajo\" class=\"read-more\" href=\"https:\/\/isfd160-bue.infd.edu.ar\/sitio\/art-114-a3-licencia-por-enfermedad-profesional-o-accidente-de-trabajo\/\" aria-label=\"More on Art. 114. A3. Licencia por Enfermedad Profesional o Accidente de Trabajo\">[+]<\/a><\/p>\n","protected":false},"author":7,"featured_media":0,"parent":0,"menu_order":0,"comment_status":"closed","ping_status":"closed","template":"","meta":[],"acf":[],"_links":{"self":[{"href":"https:\/\/isfd160-bue.infd.edu.ar\/sitio\/wp-json\/wp\/v2\/pages\/1191"}],"collection":[{"href":"https:\/\/isfd160-bue.infd.edu.ar\/sitio\/wp-json\/wp\/v2\/pages"}],"about":[{"href":"https:\/\/isfd160-bue.infd.edu.ar\/sitio\/wp-json\/wp\/v2\/types\/page"}],"author":[{"embeddable":true,"href":"https:\/\/isfd160-bue.infd.edu.ar\/sitio\/wp-json\/wp\/v2\/users\/7"}],"replies":[{"embeddable":true,"href":"https:\/\/isfd160-bue.infd.edu.ar\/sitio\/wp-json\/wp\/v2\/comments?post=1191"}],"version-history":[{"count":1,"href":"https:\/\/isfd160-bue.infd.edu.ar\/sitio\/wp-json\/wp\/v2\/pages\/1191\/revisions"}],"predecessor-version":[{"id":1910,"href":"https:\/\/isfd160-bue.infd.edu.ar\/sitio\/wp-json\/wp\/v2\/pages\/1191\/revisions\/1910"}],"wp:attachment":[{"href":"https:\/\/isfd160-bue.infd.edu.ar\/sitio\/wp-json\/wp\/v2\/media?parent=1191"}],"curies":[{"name":"wp","href":"https:\/\/api.w.org\/{rel}","templated":true}]}}