{"id":1189,"date":"2018-08-29T21:22:10","date_gmt":"2018-08-30T00:22:10","guid":{"rendered":"https:\/\/isfd160-bue.infd.edu.ar\/sitio\/art-114-a2-licencias-extraordinarias-por-enfermedad\/"},"modified":"2022-03-09T20:56:23","modified_gmt":"2022-03-09T23:56:23","slug":"art-114-a2-licencias-extraordinarias-por-enfermedad","status":"publish","type":"page","link":"https:\/\/isfd160-bue.infd.edu.ar\/sitio\/art-114-a2-licencias-extraordinarias-por-enfermedad\/","title":{"rendered":"Art. 114. A2. Licencias Extraordinarias por Enfermedad."},"content":{"rendered":"<table border=\"0\">\n<tbody>\n<tr>\n<td style=\"background-color: #ff0000;\"><\/td>\n<td rowspan=\"3\">\u00a0<strong>\u00a0 Secretar\u00eda 160. Informaci\u00f3n Para Docentes. \u00a0 \u00a0<\/strong><\/td>\n<\/tr>\n<tr>\n<td style=\"background-color: #3300ff;\"><\/td>\n<\/tr>\n<tr>\n<td style=\"background-color: #ffff00;\"><\/td>\n<\/tr>\n<\/tbody>\n<\/table>\n<p style=\"text-align: right;\">\n<p><span style=\"font-size: 12pt; font-family: 'trebuchet ms', geneva; color: #008080;\"><strong>Licencias Extraordinarias por Enfermedad.<\/strong><\/span><\/p>\n<p style=\"text-align: justify;\"><span style=\"font-family: 'trebuchet ms', geneva; font-size: 10pt;\">Cuando el docente exceda por enfermedad la licencia ordinaria podr\u00e1 solicitar licencia extraordinaria a trav\u00e9s de <strong>junta m\u00e9dica.<\/strong><\/span><\/p>\n<p style=\"text-align: justify;\"><span style=\"font-size: 12pt; font-family: 'trebuchet ms', geneva; color: #008080;\"><strong>Personal Titular.<\/strong><\/span><\/p>\n<table style=\"width: 678px; height: 819px;\" border=\"0\">\n<tbody>\n<tr>\n<td style=\"text-align: justify;\"><span style=\"font-size: 10pt; font-family: 'trebuchet ms', geneva;\"><span style=\"color: #008080;\">a) 2. Licencia extraordinaria por enfermedad:<\/span> en caso de intervenciones\u00a0 quir\u00fargicas y\/o enfermedades que produzcan incapacidad laboral invalidante por tiempo prolongado, de conformidad con lo determinado por la junta m\u00e9dica correspondiente. Esta licencia se otorgar\u00e1 independientemente de los plazos establecidos en a)1.<\/span><\/p>\n<p><span style=\"font-size: 10pt; font-family: 'trebuchet ms', geneva;\"><span style=\"color: #008080;\">a) 2.1. <strong><span style=\"text-decoration: underline;\">Personal titular<\/span><\/strong> con <span style=\"text-decoration: underline;\"><strong>menos de cinco a\u00f1os<\/strong><\/span><\/span> de antig\u00fcedad: hasta\u00a0 setecientos veinticinco d\u00edas corridos en forma continua o alternada en las\u00a0 siguientes\u00a0 condiciones:<\/span><\/p>\n<p><span style=\"font-size: 10pt; font-family: 'trebuchet ms', geneva;\">\u00a0a) 2. 1 .1..1\u00a0 Los primeros trescientos sesenta y cinco d\u00edas con goce integro de haberes.<\/span><\/p>\n<p><span style=\"font-size: 10pt; font-family: 'trebuchet ms', geneva;\">a) 2. 1.2. Los ciento ochenta d\u00edas siguientes con el cincuenta por ciento de haberes.<\/span><\/p>\n<p><span style=\"font-size: 10pt; font-family: 'trebuchet ms', geneva;\">\u00a0a) 2.1.3. Los ciento ochenta d\u00edas restantes sin goce de haberes.<\/span><\/p>\n<p><span style=\"font-size: 10pt; font-family: 'trebuchet ms', geneva; color: #008080;\">a) <strong><span style=\"text-decoration: underline;\">2.2. Personal titular con cinco o m\u00e1s a\u00f1os de antig\u00fcedad:<\/span><\/strong><\/span><\/p>\n<p><span style=\"font-size: 10pt; font-family: 'trebuchet ms', geneva;\">Hasta mil noventa y cinco d\u00edas corridos en forma continua o alternada en las siguientes\u00a0 condiciones:<\/span><\/p>\n<p><span style=\"font-size: 10pt; font-family: 'trebuchet ms', geneva;\">a)2.2.1. Los primeros trescientos sesenta y cinco\u00a0 d\u00edas con goce \u00edntegro de haberes.<\/span><\/p>\n<p><span style=\"font-size: 10pt; font-family: 'trebuchet ms', geneva;\">\u00a0a.2.2.1.1.) Cuando la incapacidad laborativa fuere total y temporaria y la causal este directamente vinculada con las patolog\u00edas que se detallan en\u00a0 a.2.8., hasta 365 d\u00edas con goce \u00edntegro de haberes, renovables en las\u00a0 mismas condiciones por los d\u00edas que determine el organismo m\u00e9dico\u00a0 competente.<\/span><\/p>\n<p><span style=\"font-size: 10pt; font-family: 'trebuchet ms', geneva;\">a) 2.2.2. Los trescientos sesenta y cinco d\u00edas siguientes con el cincuenta por ciento de haberes.<\/span><\/p>\n<p><span style=\"font-size: 10pt; font-family: 'trebuchet ms', geneva;\">a) 2.2.3. Los trescientos sesenta y cinco d\u00edas restantes sin goce de haberes.<\/span><\/p>\n<p><span style=\"font-size: 10pt; font-family: 'trebuchet ms', geneva;\">a) 2.3. Por el periodo completo, s\u00f3lo se podr\u00e1 utilizar esta licencia una vez en la carrera docente.<\/span><\/p>\n<p><span style=\"font-size: 10pt; font-family: 'trebuchet ms', geneva;\">a) 2.4. El personal que antes de cumplir cinco a\u00f1os de antig\u00fcedad hubiere agotado el per\u00edodo de setecientos veinticinco d\u00edas\u00a0 en forma completa, s\u00f3lo podr\u00e1 tener acceso a una diferencia de trescientos sesenta d\u00edas, luego de haber adquirido la antig\u00fcedad m\u00ednima de los citados cinco a\u00f1os.<\/span><\/p>\n<p><span style=\"font-size: 10pt; font-family: 'trebuchet ms', geneva;\">\u00a0A dicha cantidad de d\u00edas se acceder\u00e1 en las siguientes condiciones:<\/span><\/p>\n<p><span style=\"font-size: 10pt; font-family: 'trebuchet ms', geneva;\">a) 2.4.1. Los primeros ciento ochenta d\u00edas con el cincuenta por ciento de haberes.<\/span><\/p>\n<p><span style=\"font-size: 10pt; font-family: 'trebuchet ms', geneva;\">a) 2.4.2. Los ciento ochenta d\u00edas restantes sin goce de haberes.<\/span><\/p>\n<p><span style=\"font-size: 10pt; font-family: 'trebuchet ms', geneva;\">a) 2.5. En caso de que el personal docente arribe a la antig\u00fcedad de cinco a\u00f1os, mientras se encuentra utilizando la licencia, podr\u00e1 continuar y acceder a utilizar un per\u00edodo completo de mil noventa y cinco d\u00edas, con la siguiente aclaraci\u00f3n para el\u00a0 c\u00f3mputo de los d\u00edas:<\/span><\/p>\n<p><span style=\"font-size: 10pt; font-family: 'trebuchet ms', geneva;\">a) 2.5.1. Si se encuentra gozando de los primeros trescientos sesenta y cinco\u00a0 d\u00edas con goce integro, el c\u00f3mputo hasta agotar los\u00a0 mil noventa y cinco d\u00edas continuar\u00e1 normalmente.<\/span><\/p>\n<p><span style=\"font-size: 10pt; font-family: 'trebuchet ms', geneva;\">a) 2.5.2. Si se encuentra gozando de cualquiera de\u00a0 las fracciones de ciento ochenta d\u00edas (con el cincuenta por ciento o sin goce de haberes) se realizar\u00e1 la siguiente operaci\u00f3n:<\/span><\/p>\n<p><span style=\"font-size: 10pt; font-family: 'trebuchet ms', geneva;\">DG = D\u00edas ya utilizados correspondientes a las fracciones de ciento ochenta d\u00edas con el cincuenta por ciento o sin goce de haberes.<\/span><\/p>\n<p><span style=\"font-size: 10pt; font-family: 'trebuchet ms', geneva;\">TDG = Total de d\u00edas utilizados con la conversi\u00f3n incluida por la diferencia de per\u00edodos.<\/span><\/p>\n<p><span style=\"font-size: 10pt; font-family: 'trebuchet ms', geneva;\">DEG = D\u00edas de licencia que efectivamente le quedan para utilizar, a partir del d\u00eda en que adquiera la antig\u00fcedad de cinco a\u00f1os. 365 + (DG x 2) = TDG y luego: 1.095 &#8211; TDG = DEG\u00a0<\/span><span style=\"font-family: 'trebuchet ms', geneva; font-size: 10pt;\">\u00ba. 2.6<\/span><\/td>\n<\/tr>\n<\/tbody>\n<\/table>\n<hr style=\"height: 1px;\" size=\"1\" \/>\n<p style=\"text-align: justify;\">\u00a0<span style=\"color: #008080;\"><strong><span style=\"font-family: 'trebuchet ms', geneva; font-size: 12pt;\">Personal Provisional.<\/span><\/strong><\/span><\/p>\n<table style=\"width: 684px; height: 120px;\" border=\"0\">\n<tbody>\n<tr>\n<td>\n<p style=\"text-align: justify;\"><span style=\"font-family: 'trebuchet ms', geneva; font-size: 10pt;\"><span style=\"color: #008080;\"><span style=\"text-decoration: underline;\">Personal provisional<\/span><strong><span style=\"text-decoration: underline;\">:<\/span><\/strong><\/span> en iguales condiciones que el personal titular Siempre que su duraci\u00f3n no exceda de la d\u00e9cima parte de la antig\u00fcedad registrada en la Direcci\u00f3n General de Cultura y Educaci\u00f3n a la fecha de interposici\u00f3n del pedido.<\/span><\/p>\n<p style=\"text-align: justify;\"><span style=\"font-family: 'trebuchet ms', geneva; font-size: 10pt;\">a.2.6.1 .) Cuando la incapacidad laborativa fuere total y temporaria y la causal est\u00e9 directamente vinculada con las patolog\u00edas que se detallan en a.2.8., hasta 365 d\u00edas con goce \u00edntegro de haberes, renovables en las mismas condiciones por los d\u00edas que determine el organismo m\u00e9dico competente.\u00a0<\/span><\/p>\n<\/td>\n<\/tr>\n<\/tbody>\n<\/table>\n<hr style=\"height: 1px;\" size=\"1\" \/>\n<p><span style=\"font-size: 12pt; font-family: 'trebuchet ms', geneva; color: #008080;\">\u00a0<strong>Personal Suplente.<\/strong><\/span><\/p>\n<table style=\"width: 693px; height: 180px;\" border=\"0\">\n<tbody>\n<tr>\n<td>\n<p style=\"text-align: justify;\"><span style=\"font-family: 'trebuchet ms', geneva; font-size: 10pt;\"><span style=\"color: #008080;\">a) 2.7. <span style=\"text-decoration: underline;\">Personal suplente<\/span>:<\/span> no gozar\u00e1 de este beneficio, excepto en los casos en que el agente sufriera contagio en el lugar de trabajo de enfermedades infectocontagiosas (sarampi\u00f3n, rub\u00e9ola, hepatitis, etc.), situaci\u00f3n que siempre deber\u00e1 ser certificada y\/o avalada por la Direcci\u00f3n de Reconocimientos M\u00e9dicos, sus\u00a0 delegaciones, o delegaciones de la Direcci\u00f3n General de Cultura y Educaci\u00f3n. Cada uno de los per\u00edodos de esta licencia ser\u00e1 acumulable durante toda la carrera docente a los efectos del c\u00f3mputo total de\u00a0 la misma, cualquiera sea la situaci\u00f3n de revista en que haya sido otorgada.<\/span><\/p>\n<p style=\"text-align: justify;\"><span style=\"font-family: 'trebuchet ms', geneva; font-size: 10pt;\">a.2.7.1.) Cuando se trate de incapacidad laborativa y temporaria\u00a0 directamente vinculada a las patolog\u00edas enumeradas en el inciso a.2.8., los\u00a0 docentes suplentes gozar\u00e1n de licencia en los t\u00e9rminos establecidos en los\u00a0 incisos a.2.1.1.1., a.2.2.1.1. y a.2.6.1, siempre y cuando el t\u00e9rmino del otorgamiento no exceda los t\u00e9rminos de la designaci\u00f3n y acrediten haber sido designados en la suplencia con anterioridad al diagn\u00f3stico de su patolog\u00eda.\u00a0<\/span><\/p>\n<\/td>\n<\/tr>\n<\/tbody>\n<\/table>\n<hr style=\"height: 1px;\" size=\"1\" \/>\n<p><span style=\"font-family: 'trebuchet ms', geneva; font-size: 12pt;\"><strong><span style=\"color: #008080;\">Enfermedades Cr\u00f3nicas.<\/span><\/strong><\/span><\/p>\n<p style=\"text-align: justify;\"><span style=\"font-size: 10pt; font-family: 'trebuchet ms', geneva;\">EPOC (Enfermedad Pulmonar Obstructiva Cr\u00f3nica) \u2013 Asma Severo Recurrente (que no obedece a tratamiento preventivo) \u2013 Neumoconiosis \u2013 Insuficiencia Respiratoria Cr\u00f3nica, Anemias Cr\u00f3nicas: Hemol\u00edticas, Apl\u00e1sicas, Gen\u00e9ticas) Agranulocitosis Cr\u00f3nica, Deficiencias de factores de la Coagulaci\u00f3n ( VIII y IX), Aplasias Medulares Cr\u00f3nicas Discrasias sangu\u00edneas severas, Sarcoidosis, Enfermedades degenerativas del SNC (Sistema Nervioso Central): Demencias \u00f3 d\u00e9ficit de esfera cognitiva irreversible. Enfermedades Desmielinizantes: Esclerosis M\u00faltiple, Trastornos Extrapiramidales y del movimiento: Parkinson, Demencias Org\u00e1nicas, Lupus Eritematoso Sist\u00e9mico, Artritis Reumatoidea, Oncol\u00f3gica (Tumores malignos en tratamiento Quimio-Radio-Hormonoterapia u otra terapia alternativa con el debido respaldo cient\u00edfico, de cualquier sector de la anatom\u00eda), Insuficiencia Card\u00edaca Cr\u00f3nica, Dependientes de oxigenoterapia intermitente, Dependientes de traqueotom\u00edas, Gastrostom\u00edas, Colostom\u00edas u otras ostom\u00edas de forma intermitente o permanente, Organotrasplantados.\u00a0 Las licencias a que se refieren los incisos 114a.2.1.1.1.), 114.a.2.2.1.1.), 114.a.2.6.1.) y114.a.2.7.1.) se otorgan en tanto no corresponda la jubilaci\u00f3n por incapacidad, considerando el t\u00e9rmino de la licencia al momento del cese efectivo.<\/span><\/p>\n<hr style=\"height: 1px;\" size=\"1\" \/>\n<hr style=\"height: 1px;\" size=\"1\" \/>\n","protected":false},"excerpt":{"rendered":"<p>\u00a0\u00a0 Secretar\u00eda 160. Informaci\u00f3n Para Docentes. \u00a0 \u00a0 Licencias Extraordinarias por Enfermedad. Cuando el docente exceda por enfermedad la licencia ordinaria podr\u00e1 solicitar licencia extraordinaria a trav\u00e9s de junta m\u00e9dica. Personal Titular. a) 2. Licencia extraordinaria por enfermedad: en caso de intervenciones\u00a0 quir\u00fargicas y\/o enfermedades que produzcan incapacidad laboral invalidante por tiempo prolongado, de conformidad &#8230; <a title=\"Art. 114. A2. Licencias Extraordinarias por Enfermedad.\" class=\"read-more\" href=\"https:\/\/isfd160-bue.infd.edu.ar\/sitio\/art-114-a2-licencias-extraordinarias-por-enfermedad\/\" aria-label=\"More on Art. 114. A2. Licencias Extraordinarias por Enfermedad.\">[+]<\/a><\/p>\n","protected":false},"author":7,"featured_media":0,"parent":0,"menu_order":0,"comment_status":"closed","ping_status":"closed","template":"","meta":[],"acf":[],"_links":{"self":[{"href":"https:\/\/isfd160-bue.infd.edu.ar\/sitio\/wp-json\/wp\/v2\/pages\/1189"}],"collection":[{"href":"https:\/\/isfd160-bue.infd.edu.ar\/sitio\/wp-json\/wp\/v2\/pages"}],"about":[{"href":"https:\/\/isfd160-bue.infd.edu.ar\/sitio\/wp-json\/wp\/v2\/types\/page"}],"author":[{"embeddable":true,"href":"https:\/\/isfd160-bue.infd.edu.ar\/sitio\/wp-json\/wp\/v2\/users\/7"}],"replies":[{"embeddable":true,"href":"https:\/\/isfd160-bue.infd.edu.ar\/sitio\/wp-json\/wp\/v2\/comments?post=1189"}],"version-history":[{"count":2,"href":"https:\/\/isfd160-bue.infd.edu.ar\/sitio\/wp-json\/wp\/v2\/pages\/1189\/revisions"}],"predecessor-version":[{"id":1909,"href":"https:\/\/isfd160-bue.infd.edu.ar\/sitio\/wp-json\/wp\/v2\/pages\/1189\/revisions\/1909"}],"wp:attachment":[{"href":"https:\/\/isfd160-bue.infd.edu.ar\/sitio\/wp-json\/wp\/v2\/media?parent=1189"}],"curies":[{"name":"wp","href":"https:\/\/api.w.org\/{rel}","templated":true}]}}