{"id":1185,"date":"2018-08-29T21:22:09","date_gmt":"2018-08-30T00:22:09","guid":{"rendered":"https:\/\/isfd160-bue.infd.edu.ar\/sitio\/normativa-docente\/"},"modified":"2025-04-21T19:32:49","modified_gmt":"2025-04-21T22:32:49","slug":"normativa-docente","status":"publish","type":"page","link":"https:\/\/isfd160-bue.infd.edu.ar\/sitio\/normativa-docente\/","title":{"rendered":"Normativa Docente"},"content":{"rendered":"\n<p><a href=\"https:\/\/drive.google.com\/file\/d\/1WngI8GFnRTfpvf00CGKar2u_qysdaewL\/view?usp=sharing\">ORGANIGRAMA<\/a><\/p>\n\n\n\n<p><a href=\"https:\/\/drive.google.com\/file\/d\/12Tq5Pbc1TbqL_1xg6f24CH-XtxBkkGOG\/view?usp=drive_linkg\">R\u00e9gimen acad\u00e9mico Marco &#8211; ANEXO 1 <\/a><\/p>\n\n\n\n<p><a href=\"https:\/\/drive.google.com\/file\/d\/1cPadLf4ESRApx-wtZx9GrSMpY2LlU3kH\/view?usp=drive_link\">R\u00e9gimen acad\u00e9mico Marco &#8211; ANEXO 2<\/a><\/p>\n\n\n\n<p><a href=\"https:\/\/drive.google.com\/file\/d\/1tkDyADTBwtzYYz41pn4C1FIiiBq-5_y0\/view?usp=drive_link\">R\u00e9gimen acad\u00e9mico Marco &#8211; ANEXO 3<\/a><\/p>\n\n\n\n<p><a href=\"https:\/\/drive.google.com\/file\/d\/1ZKokRkztRqnQQU4MAJ_93q2LJwrCIt2p\/view?usp=drive_link\">R\u00e9gimen acad\u00e9mico Marco RESUMEN INSTITUCIONAL<\/a><\/p>\n\n\n\n<p><\/p>\n\n\n<table style=\"width: 528px; height: 152px;\" border=\"0\">\n<tbody>\n<tr>\n<td style=\"border: 1px solid #20b2aa;\" colspan=\"2\">\n<h2 style=\"margin-top: 0px; margin-bottom: 0px; padding-bottom: 0px; text-align: left;\"><strong><span style=\"font-size: 10pt;\">Marco Normativo<\/span><\/strong><\/h2>\n<\/td>\n<\/tr>\n<tr>\n<td style=\"border: 1px solid #20b2aa; text-align: justify;\">\n<pre style=\"text-align: left;\"><span style=\"font-size: 10pt;\"><a title=\"Constitucion de la Naci\u00f3n Argentina\" href=\"upload\/Constituci%F3n_Nacional.pdf\" target=\"_blank\" rel=\"noopener\">Constituci\u00f3n de la Naci\u00f3n Argentina <\/a><\/span><\/pre>\n<\/td>\n<td style=\"border: 1px solid #20b2aa;\">\n<pre><span style=\"font-size: 10pt;\">\u00a0\u00a0\u00a0\u00a0\u00a0\u00a0\u00a0\u00a0\u00a0\u00a0\u00a0\u00a0\u00a0\u00a0\u00a0\u00a0\u00a0\u00a0\u00a0\u00a0\u00a0\u00a0\u00a0\u00a0\u00a0\u00a0\u00a0\u00a0\u00a0\u00a0\u00a0\u00a0\u00a0\u00a0\u00a0\u00a0\u00a0\u00a0\u00a0\u00a0\u00a0\u00a0\u00a0\u00a0\u00a0\u00a0\u00a0\u00a0\u00a0\u00a0\u00a0\u00a0\u00a0\u00a0<\/span><\/pre>\n<\/td>\n<\/tr>\n<tr>\n<td style=\"border: 1px solid #20b2aa; text-align: justify;\">\n<pre style=\"text-align: left;\"><span style=\"font-size: 10pt;\"><a title=\"Constituci\u00f3n Provincial\" href=\"upload\/constitucion_provincial.pdf\" target=\"_blank\" rel=\"noopener\">Constituci\u00f3n de\u00a0 de Buenos Aires<\/a><\/span><\/pre>\n<\/td>\n<td style=\"border: 1px solid #20b2aa;\">\n<pre><span style=\"font-size: 10pt;\">\u00a0<\/span><\/pre>\n<\/td>\n<\/tr>\n<tr>\n<td style=\"border: 1px solid #20b2aa;\">\n<pre><span style=\"font-size: 10pt;\"><a title=\"Convenci\u00f3n Internacional\" href=\"upload\/Convenci%F3n_sobre_los_derechos_del_n..pdf\" target=\"_blank\" rel=\"noopener\">Convenci\u00f3n\u00a0 de los Derechos del Ni\u00f1o<\/a><\/span><\/pre>\n<\/td>\n<td style=\"border: 1px solid #20b2aa;\">\n<pre><span style=\"font-size: 10pt;\">\u00a0<\/span><\/pre>\n<\/td>\n<\/tr>\n<tr>\n<td style=\"border: 1px solid #20b2aa;\" colspan=\"2\">\n<h2><strong><span style=\"font-size: 10pt;\"><a href=\"#\">\u00a0<\/a>Leyes<\/span><\/strong><\/h2>\n<\/td>\n<\/tr>\n<tr>\n<td style=\"border: 1px solid #20b2aa;\">\n<pre><span style=\"font-size: 10pt;\"><a title=\"Ley Educaci\u00f3n Nacional\" href=\"upload\/ley_de_educacionn_nacional_n26206.pdf\" target=\"_blank\" rel=\"noopener\">26206<\/a><\/span><\/pre>\n<\/td>\n<td style=\"border: 1px solid #20b2aa;\">\n<pre><span style=\"font-size: 10pt;\">\u00a0Ley de Educaci\u00f3n Nacional<\/span><\/pre>\n<\/td>\n<\/tr>\n<tr>\n<td style=\"border: 1px solid #20b2aa;\">\n<pre><span style=\"font-size: 10pt;\"><a title=\"Ley 26058\" href=\"upload\/ley26058.pdf\" target=\"_blank\" rel=\"noopener\">26058<\/a><\/span><\/pre>\n<\/td>\n<td style=\"border: 1px solid #20b2aa;\">\n<pre><span style=\"font-size: 10pt;\">Ley de Eduacaci\u00f3n T\u00e9cnico Profesional<\/span><\/pre>\n<\/td>\n<\/tr>\n<tr>\n<td style=\"border: 1px solid #20b2aa;\">\n<pre><span style=\"font-size: 10pt;\"><a title=\"Ley Educaci\u00f3n Provincial\" href=\"upload\/ley_provincial_27_06_07.pdf\" target=\"_blank\" rel=\"noopener\">13688<\/a><\/span><\/pre>\n<\/td>\n<td style=\"border: 1px solid #20b2aa;\">\n<pre><span style=\"font-size: 10pt;\">Ley Provincial de Educaci\u00f3n<\/span><\/pre>\n<\/td>\n<\/tr>\n<tr>\n<td style=\"border: 1px solid #20b2aa;\">\n<pre><span style=\"font-size: 10pt;\"><a title=\"Ley 24521. Educaci\u00f3n Superior\" href=\"upload\/ley24521_educ_sup_actualizada.pdf\" target=\"_blank\" rel=\"noopener\">24521<\/a><\/span><\/pre>\n<\/td>\n<td style=\"border: 1px solid #20b2aa;\">\n<pre><span style=\"font-size: 10pt;\">Ley Educaci\u00f3n Superior<\/span><\/pre>\n<\/td>\n<\/tr>\n<tr>\n<td style=\"border: 1px solid #20b2aa;\">\n<pre><span style=\"font-size: 10pt;\"><a title=\"Ley 13298 Protecci\u00f3n de los Derechos \" href=\"upload\/ley13298.pdf\" target=\"_blank\" rel=\"noopener\">13298<\/a><\/span><\/pre>\n<\/td>\n<td style=\"border: 1px solid #20b2aa;\">\n<pre><span style=\"font-size: 10pt;\">Protecci\u00f3n Derechos del Ni\u00f1o<\/span><\/pre>\n<\/td>\n<\/tr>\n<tr>\n<td style=\"border: 1px solid #20b2aa;\">\n<pre><span style=\"font-size: 10pt;\"><a title=\"Estatuto Docente\" href=\"upload\/Estatuto_Docente.pdf\" target=\"_blank\" rel=\"noopener\">10579<\/a><\/span><\/pre>\n<\/td>\n<td style=\"border: 1px solid #20b2aa;\">\n<pre><span style=\"font-size: 10pt;\">Estatuto Docente<\/span><\/pre>\n<\/td>\n<\/tr>\n<tr>\n<td style=\"border: 1px solid #20b2aa;\" colspan=\"2\">\n<h2><span style=\"font-size: 10pt;\"><strong>Reglamento<\/strong><\/span><\/h2>\n<\/td>\n<\/tr>\n<tr>\n<td style=\"border: 1px solid #20b2aa;\">\n<pre><span style=\"font-size: 8pt;\"><a title=\"Marco General de la Pol\u00edtica Educativa \" href=\"upload\/marcogeneral.pdf\" target=\"_blank\" rel=\"noopener\">Marco General de la Pol\u00edtica Educativa<\/a><\/span><\/pre>\n<\/td>\n<td style=\"border: 1px solid #20b2aa;\">\n<pre><span style=\"font-size: 8pt;\">\u00a0Provincia de Buenos Aires<\/span><\/pre>\n<\/td>\n<\/tr>\n<tr>\n<td style=\"border: 1px solid #20b2aa;\">\n<pre><span style=\"font-size: 8pt;\"><a title=\"Reglamento  General de las Instituciones Educativas\" href=\"upload\/reglamento_general.pdf\" target=\"_blank\" rel=\"noopener\">Reglamento General de Escuelas<\/a><\/span><\/pre>\n<\/td>\n<td style=\"border: 1px solid #20b2aa;\">\n<pre><span style=\"font-size: 8pt;\">\u00a0Provincia de Buenos Aires<\/span><\/pre>\n<\/td>\n<\/tr>\n<tr>\n<td style=\"border: 1px solid #20b2aa;\" colspan=\"2\">\n<h2><span style=\"font-size: 10pt;\"><a title=\"Reglamento  General de las Instituciones Educativas\" href=\"upload\/reglamento_general.pdf\" target=\"_blank\" rel=\"noopener\">R<\/a>esoluciones<\/span><\/h2>\n<\/td>\n<\/tr>\n<tr>\n<td style=\"border: 1px solid #20b2aa;\">\n<pre><a title=\"1055 Validez Nacional\" href=\"upload\/resolucion_nro1055_validez_nacional.pdf\" target=\"_blank\" rel=\"noopener\">1055<\/a><\/pre>\n<\/td>\n<td style=\"border: 1px solid #20b2aa;\">\n<pre>Validez Nacional<\/pre>\n<\/td>\n<\/tr>\n<tr>\n<td style=\"border: 1px solid #20b2aa;\">\n<pre><a title=\"1434 Evaluaci\u00f3n y Acreditaci\u00f3n\" href=\"upload\/resolucion_nro1434_04_evaluacion_y_acreditacion.pdf\" target=\"_blank\" rel=\"noopener\">10434\/04<\/a><\/pre>\n<\/td>\n<td style=\"border: 1px solid #20b2aa;\">\n<pre>Evaluaci\u00f3n y Acreditaci\u00f3n<\/pre>\n<\/td>\n<\/tr>\n<tr>\n<td style=\"border: 1px solid #20b2aa;\">\n<pre><a title=\"2383 Reglamento de Institutos Superiores\" href=\"upload\/resolucion_nro2383_reglamento_institutos_superiores2.pdf\" target=\"_blank\" rel=\"noopener\">2383<\/a><\/pre>\n<\/td>\n<td style=\"border: 1px solid #20b2aa;\">\n<pre>Reglamento de Institutos Superiores<\/pre>\n<\/td>\n<\/tr>\n<tr>\n<td style=\"border: 1px solid #20b2aa;\">\n<pre><a title=\"3121 Ayudante de Catedra\" href=\"upload\/resolucion_nro3121ayudantedecatedra_1.pdf\" target=\"_blank\" rel=\"noopener\">3121<\/a><\/pre>\n<\/td>\n<td style=\"border: 1px solid #20b2aa;\">\n<pre>Ayudante de Catedra<\/pre>\n<\/td>\n<\/tr>\n<tr>\n<td style=\"border: 1px solid #20b2aa;\">\n<pre><a title=\"4026 Ingreso\" href=\"upload\/resolucion_nro4026_ingreso_1.pdf\" target=\"_blank\" rel=\"noopener\">4026<\/a><\/pre>\n<\/td>\n<td style=\"border: 1px solid #20b2aa;\">\n<pre>Ingreso<\/pre>\n<\/td>\n<\/tr>\n<tr>\n<td style=\"border: 1px solid #20b2aa;\">\n<pre><a title=\"5886 Cobertura\" href=\"upload\/resolucion_nro5886_cobertura_de_catedra_1.pdf\" target=\"_blank\" rel=\"noopener\">5886<\/a><\/pre>\n<\/td>\n<td style=\"border: 1px solid #20b2aa;\">\n<pre>Cobertura de Catedra<\/pre>\n<\/td>\n<\/tr>\n<tr>\n<td style=\"border: 1px solid #20b2aa;\">\n<pre><a title=\"918 Consejos Acad\u00e9micos\" href=\"upload\/resolucion_nro_918_01_consejos_academicos.pdf\" target=\"_blank\" rel=\"noopener\">918<\/a><\/pre>\n<\/td>\n<td style=\"border: 1px solid #20b2aa;\">\n<pre>Consejos Acad\u00e9micos<\/pre>\n<\/td>\n<\/tr>\n<\/tbody>\n<\/table>","protected":false},"excerpt":{"rendered":"<p>ORGANIGRAMA R\u00e9gimen acad\u00e9mico Marco &#8211; ANEXO 1 R\u00e9gimen acad\u00e9mico Marco &#8211; ANEXO 2 R\u00e9gimen acad\u00e9mico Marco &#8211; ANEXO 3 R\u00e9gimen acad\u00e9mico Marco RESUMEN INSTITUCIONAL Marco Normativo Constituci\u00f3n de la Naci\u00f3n Argentina \u00a0\u00a0\u00a0\u00a0\u00a0\u00a0\u00a0\u00a0\u00a0\u00a0\u00a0\u00a0\u00a0\u00a0\u00a0\u00a0\u00a0\u00a0\u00a0\u00a0\u00a0\u00a0\u00a0\u00a0\u00a0\u00a0\u00a0\u00a0\u00a0\u00a0\u00a0\u00a0\u00a0\u00a0\u00a0\u00a0\u00a0\u00a0\u00a0\u00a0\u00a0\u00a0\u00a0\u00a0\u00a0\u00a0\u00a0\u00a0\u00a0\u00a0\u00a0\u00a0\u00a0\u00a0 Constituci\u00f3n de\u00a0 de Buenos Aires \u00a0 Convenci\u00f3n\u00a0 de los Derechos del Ni\u00f1o \u00a0 \u00a0Leyes 26206 \u00a0Ley de Educaci\u00f3n Nacional 26058 Ley de Eduacaci\u00f3n &#8230; <a title=\"Normativa Docente\" class=\"read-more\" href=\"https:\/\/isfd160-bue.infd.edu.ar\/sitio\/normativa-docente\/\" aria-label=\"More on Normativa Docente\">[+]<\/a><\/p>\n","protected":false},"author":7,"featured_media":0,"parent":0,"menu_order":0,"comment_status":"closed","ping_status":"closed","template":"","meta":[],"acf":[],"_links":{"self":[{"href":"https:\/\/isfd160-bue.infd.edu.ar\/sitio\/wp-json\/wp\/v2\/pages\/1185"}],"collection":[{"href":"https:\/\/isfd160-bue.infd.edu.ar\/sitio\/wp-json\/wp\/v2\/pages"}],"about":[{"href":"https:\/\/isfd160-bue.infd.edu.ar\/sitio\/wp-json\/wp\/v2\/types\/page"}],"author":[{"embeddable":true,"href":"https:\/\/isfd160-bue.infd.edu.ar\/sitio\/wp-json\/wp\/v2\/users\/7"}],"replies":[{"embeddable":true,"href":"https:\/\/isfd160-bue.infd.edu.ar\/sitio\/wp-json\/wp\/v2\/comments?post=1185"}],"version-history":[{"count":2,"href":"https:\/\/isfd160-bue.infd.edu.ar\/sitio\/wp-json\/wp\/v2\/pages\/1185\/revisions"}],"predecessor-version":[{"id":3405,"href":"https:\/\/isfd160-bue.infd.edu.ar\/sitio\/wp-json\/wp\/v2\/pages\/1185\/revisions\/3405"}],"wp:attachment":[{"href":"https:\/\/isfd160-bue.infd.edu.ar\/sitio\/wp-json\/wp\/v2\/media?parent=1185"}],"curies":[{"name":"wp","href":"https:\/\/api.w.org\/{rel}","templated":true}]}}