{"id":1170,"date":"2018-08-29T21:22:03","date_gmt":"2018-08-30T00:22:03","guid":{"rendered":"https:\/\/isfd160-bue.infd.edu.ar\/sitio\/profesorado-de-educacion-especial\/"},"modified":"2026-03-11T20:24:28","modified_gmt":"2026-03-11T23:24:28","slug":"profesorado-de-educacion-especial","status":"publish","type":"page","link":"https:\/\/isfd160-bue.infd.edu.ar\/sitio\/profesorado-de-educacion-especial\/","title":{"rendered":"Profesorado en Educaci\u00f3n Especial con orientaci\u00f3n en discapacidad neuromotora (Res. 1009\/09)"},"content":{"rendered":"<p><img decoding=\"async\" loading=\"lazy\" class=\"wp-image-3487 alignright\" src=\"https:\/\/isfd160-bue.infd.edu.ar\/sitio\/wp-content\/uploads\/2025\/11\/Flyer-Especial-1000x1000.png\" alt=\"\" width=\"400\" height=\"400\" srcset=\"https:\/\/isfd160-bue.infd.edu.ar\/sitio\/wp-content\/uploads\/2025\/11\/Flyer-Especial-1000x1000.png 1000w, https:\/\/isfd160-bue.infd.edu.ar\/sitio\/wp-content\/uploads\/2025\/11\/Flyer-Especial-500x500.png 500w, https:\/\/isfd160-bue.infd.edu.ar\/sitio\/wp-content\/uploads\/2025\/11\/Flyer-Especial-768x768.png 768w, https:\/\/isfd160-bue.infd.edu.ar\/sitio\/wp-content\/uploads\/2025\/11\/Flyer-Especial.png 1080w\" sizes=\"(max-width: 400px) 100vw, 400px\" \/><\/p>\n<ul>\n<li><strong>REQUISITOS DE INGRESO:<\/strong><\/li>\n<\/ul>\n<p style=\"text-align: justify;\">&nbsp;1)&nbsp;&nbsp;&nbsp;&nbsp;&nbsp; Haber completado los estudios de Nivel Medio\/Polimodal\/Secundario.<\/p>\n<p style=\"text-align: justify;\">&nbsp;2)&nbsp;&nbsp;&nbsp;&nbsp;&nbsp; Inscribirse en tiempo y forma.<\/p>\n<p style=\"text-align: justify;\">&nbsp;3)&nbsp; &nbsp; &nbsp; Participar de la Charla\/Taller inicial sobre el R\u00e9gimen Acad\u00e9mico Marco.<\/p>\n<ul>\n<li><strong>PREINSCRIPCI\u00d3N ONLINE:&nbsp;<a href=\"https:\/\/forms.gle\/5VwznoDKWEuDhUeR9\" target=\"_blank\" rel=\"noopener\">COMPLETAR AQU\u00cd<\/a><\/strong><\/li>\n<\/ul>\n<ul>\n<li style=\"text-align: justify;\"><strong>PARA FORMALIZAR LA INSCRIPCI\u00d3N DEBER\u00c1 PRESENTAR LA SIGUIENTE DOCUMENTACI\u00d3N:<\/strong><\/li>\n<\/ul>\n<p>1) &nbsp;Fotocopia del Certificado anal\u00edtico de estudios, con N\u00famero de Registro en la Provincia de Buenos Aires. Si el certificado a\u00fan est\u00e1 en tr\u00e1mite: constancia de certificado anal\u00edtico en tr\u00e1mite sin adeudar materias. Esta constancia tiene una vigencia de 30 d\u00edas, por lo cual, deber\u00e1 renovarla hasta la entrega del certificado correspondiente.<\/p>\n<p style=\"text-align: justify;\">&nbsp;2) &nbsp;Fotocopia de D.N.I.<\/p>\n<p style=\"text-align: justify;\">&nbsp;3) &nbsp;Certificado de aptitud psico-f\u00edsica, firmado por un profesional m\u00e9dico.<\/p>\n<p style=\"text-align: justify;\">&nbsp;4) &nbsp;Dos &nbsp;fotos tipo carnet.<\/p>\n<p>5) Planilla de inscripci\u00f3n completa <a href=\"https:\/\/drive.google.com\/file\/d\/1vVgbYcxgN8cWJN-GhjnJIuTJQY0Hz9FC\/view?usp=sharing\" target=\"_blank\" rel=\"noopener\">PLANILLA DE INSCRIPCI\u00d3N <\/a>(clic en el enlace para descargar la planilla y completarla)<\/p>\n<p>7) &nbsp; Entregar toda la documentaci\u00f3n en carpeta 3 solapas.<\/p>\n<ul>\n<li><strong>&nbsp;Profesorado en Educaci\u00f3n Especial (<span style=\"color: #ff0000;\">COLOR ROJO<\/span>).<\/strong><\/li>\n<\/ul>\n<p style=\"text-align: center;\">&nbsp; <strong><em>Oportunamente &nbsp;se informar\u00e1 sobre los d\u00edas y horarios en los que deber\u00e1 concurrir a realizar el Curso Inicial obligatorio que deben realizar los aspirantes.<\/em><\/strong><\/p>\n\n<div class=\"wp-block-image\">\n<figure class=\"aligncenter size-large is-resized\"><img decoding=\"async\" loading=\"lazy\" src=\"https:\/\/isfd160-bue.infd.edu.ar\/sitio\/wp-content\/uploads\/2025\/11\/Plan-de-estudio-3-760x1900.png\" alt=\"\" class=\"wp-image-3528\" width=\"380\" height=\"950\" srcset=\"https:\/\/isfd160-bue.infd.edu.ar\/sitio\/wp-content\/uploads\/2025\/11\/Plan-de-estudio-3-760x1900.png 760w, https:\/\/isfd160-bue.infd.edu.ar\/sitio\/wp-content\/uploads\/2025\/11\/Plan-de-estudio-3-400x1000.png 400w, https:\/\/isfd160-bue.infd.edu.ar\/sitio\/wp-content\/uploads\/2025\/11\/Plan-de-estudio-3-768x1920.png 768w, https:\/\/isfd160-bue.infd.edu.ar\/sitio\/wp-content\/uploads\/2025\/11\/Plan-de-estudio-3-614x1536.png 614w, https:\/\/isfd160-bue.infd.edu.ar\/sitio\/wp-content\/uploads\/2025\/11\/Plan-de-estudio-3.png 800w\" sizes=\"(max-width: 380px) 100vw, 380px\" \/><\/figure><\/div>","protected":false},"excerpt":{"rendered":"<p>REQUISITOS DE INGRESO: &nbsp;1)&nbsp;&nbsp;&nbsp;&nbsp;&nbsp; Haber completado los estudios de Nivel Medio\/Polimodal\/Secundario. &nbsp;2)&nbsp;&nbsp;&nbsp;&nbsp;&nbsp; Inscribirse en tiempo y forma. &nbsp;3)&nbsp; &nbsp; &nbsp; Participar de la Charla\/Taller inicial sobre el R\u00e9gimen Acad\u00e9mico Marco. PREINSCRIPCI\u00d3N ONLINE:&nbsp;COMPLETAR AQU\u00cd PARA FORMALIZAR LA INSCRIPCI\u00d3N DEBER\u00c1 PRESENTAR LA SIGUIENTE DOCUMENTACI\u00d3N: 1) &nbsp;Fotocopia del Certificado anal\u00edtico de estudios, con N\u00famero de Registro en la &#8230; <a title=\"Profesorado en Educaci\u00f3n Especial con orientaci\u00f3n en discapacidad neuromotora (Res. 1009\/09)\" class=\"read-more\" href=\"https:\/\/isfd160-bue.infd.edu.ar\/sitio\/profesorado-de-educacion-especial\/\" aria-label=\"More on Profesorado en Educaci\u00f3n Especial con orientaci\u00f3n en discapacidad neuromotora (Res. 1009\/09)\">[+]<\/a><\/p>\n","protected":false},"author":7,"featured_media":0,"parent":0,"menu_order":0,"comment_status":"closed","ping_status":"closed","template":"","meta":[],"acf":[],"_links":{"self":[{"href":"https:\/\/isfd160-bue.infd.edu.ar\/sitio\/wp-json\/wp\/v2\/pages\/1170"}],"collection":[{"href":"https:\/\/isfd160-bue.infd.edu.ar\/sitio\/wp-json\/wp\/v2\/pages"}],"about":[{"href":"https:\/\/isfd160-bue.infd.edu.ar\/sitio\/wp-json\/wp\/v2\/types\/page"}],"author":[{"embeddable":true,"href":"https:\/\/isfd160-bue.infd.edu.ar\/sitio\/wp-json\/wp\/v2\/users\/7"}],"replies":[{"embeddable":true,"href":"https:\/\/isfd160-bue.infd.edu.ar\/sitio\/wp-json\/wp\/v2\/comments?post=1170"}],"version-history":[{"count":35,"href":"https:\/\/isfd160-bue.infd.edu.ar\/sitio\/wp-json\/wp\/v2\/pages\/1170\/revisions"}],"predecessor-version":[{"id":3593,"href":"https:\/\/isfd160-bue.infd.edu.ar\/sitio\/wp-json\/wp\/v2\/pages\/1170\/revisions\/3593"}],"wp:attachment":[{"href":"https:\/\/isfd160-bue.infd.edu.ar\/sitio\/wp-json\/wp\/v2\/media?parent=1170"}],"curies":[{"name":"wp","href":"https:\/\/api.w.org\/{rel}","templated":true}]}}