{"id":1165,"date":"2018-08-29T21:22:02","date_gmt":"2018-08-30T00:22:02","guid":{"rendered":"https:\/\/isfd160-bue.infd.edu.ar\/sitio\/ubicacion\/"},"modified":"2024-08-09T20:19:37","modified_gmt":"2024-08-09T23:19:37","slug":"ubicacion","status":"publish","type":"page","link":"https:\/\/isfd160-bue.infd.edu.ar\/sitio\/ubicacion\/","title":{"rendered":"Ubicaci\u00f3n"},"content":{"rendered":"<p><strong><span style=\"font-family: verdana,geneva;\"><span style=\"font-size: 12pt;\">El instituto se encuentra ubicado en calle Avellaneda 426, entre Ameghino y Dr. Julio C\u00e9sar Lovecchio (frente a la terminal de \u00f3mnibus). All\u00ed se dictan las siguientes carreras: Profesorado en Historia, Profesorado de Matem\u00e1tica, Profesorado de Geograf\u00eda y las Tecnicaturas en Turismo, Paisajismo, Psicopedagog\u00eda y Acompa\u00f1amiento Terap\u00e9utico. Tambi\u00e9n cuenta con una segunda sede en calle Las Heras 1340, d\u00f3nde cursan el Profesorado de Educaci\u00f3n Especial y el Profesorado de Educaci\u00f3n Inicial.<\/span><\/span><\/strong><\/p>\n<p><strong>UBICACI\u00d3N AVELLANEDA<\/strong><\/p>\n\n\n<iframe src=\"https:\/\/www.google.com\/maps\/embed?pb=!1m14!1m8!1m3!1d12669.20621778886!2d-61.9256527!3d-37.4536014!3m2!1i1024!2i768!4f13.1!3m3!1m2!1s0x0%3A0x797f6c1a61821ddb!2sUnidad%20Acad%C3%A9mica%20Dr.%20Julio%20C%C3%A9sar%20Lovecchio!5e0!3m2!1ses-419!2sar!4v1662590958343!5m2!1ses-419!2sar\" width=\"600\" height=\"450\" style=\"border:0;\" allowfullscreen=\"\" loading=\"lazy\" referrerpolicy=\"no-referrer-when-downgrade\"><\/iframe>\n\n\n\n<p><strong>UBICACI\u00d3N LAS HERAS<\/strong><\/p>\n\n\n\n<iframe src=\"https:\/\/www.google.com\/maps\/embed?pb=!1m18!1m12!1m3!1d3167.1882474323884!2d-61.93886558532646!3d-37.45627702144344!2m3!1f0!2f0!3f0!3m2!1i1024!2i768!4f13.1!3m3!1m2!1s0x95eb732992c7ec67%3A0x7420436c6d777b40!2sLas%20Heras%201340%2C%20B7540AZA%20Coronel%20Suarez%2C%20Provincia%20de%20Buenos%20Aires!5e0!3m2!1ses-419!2sar!4v1663722187573!5m2!1ses-419!2sar\" width=\"600\" height=\"450\" style=\"border:0;\" allowfullscreen=\"\" loading=\"lazy\" referrerpolicy=\"no-referrer-when-downgrade\"><\/iframe>\n\n\n\n<p><\/p>\n","protected":false},"excerpt":{"rendered":"<p>El instituto se encuentra ubicado en calle Avellaneda 426, entre Ameghino y Dr. Julio C\u00e9sar Lovecchio (frente a la terminal de \u00f3mnibus). All\u00ed se dictan las siguientes carreras: Profesorado en Historia, Profesorado de Matem\u00e1tica, Profesorado de Geograf\u00eda y las Tecnicaturas en Turismo, Paisajismo, Psicopedagog\u00eda y Acompa\u00f1amiento Terap\u00e9utico. Tambi\u00e9n cuenta con una segunda sede en calle &#8230; <a title=\"Ubicaci\u00f3n\" class=\"read-more\" href=\"https:\/\/isfd160-bue.infd.edu.ar\/sitio\/ubicacion\/\" aria-label=\"More on Ubicaci\u00f3n\">[+]<\/a><\/p>\n","protected":false},"author":7,"featured_media":0,"parent":0,"menu_order":0,"comment_status":"closed","ping_status":"closed","template":"","meta":[],"acf":[],"_links":{"self":[{"href":"https:\/\/isfd160-bue.infd.edu.ar\/sitio\/wp-json\/wp\/v2\/pages\/1165"}],"collection":[{"href":"https:\/\/isfd160-bue.infd.edu.ar\/sitio\/wp-json\/wp\/v2\/pages"}],"about":[{"href":"https:\/\/isfd160-bue.infd.edu.ar\/sitio\/wp-json\/wp\/v2\/types\/page"}],"author":[{"embeddable":true,"href":"https:\/\/isfd160-bue.infd.edu.ar\/sitio\/wp-json\/wp\/v2\/users\/7"}],"replies":[{"embeddable":true,"href":"https:\/\/isfd160-bue.infd.edu.ar\/sitio\/wp-json\/wp\/v2\/comments?post=1165"}],"version-history":[{"count":16,"href":"https:\/\/isfd160-bue.infd.edu.ar\/sitio\/wp-json\/wp\/v2\/pages\/1165\/revisions"}],"predecessor-version":[{"id":3322,"href":"https:\/\/isfd160-bue.infd.edu.ar\/sitio\/wp-json\/wp\/v2\/pages\/1165\/revisions\/3322"}],"wp:attachment":[{"href":"https:\/\/isfd160-bue.infd.edu.ar\/sitio\/wp-json\/wp\/v2\/media?parent=1165"}],"curies":[{"name":"wp","href":"https:\/\/api.w.org\/{rel}","templated":true}]}}