{"id":1161,"date":"2018-08-29T21:22:00","date_gmt":"2018-08-30T00:22:00","guid":{"rendered":"https:\/\/isfd160-bue.infd.edu.ar\/sitio\/historia-2\/"},"modified":"2022-09-06T19:25:16","modified_gmt":"2022-09-06T22:25:16","slug":"historia-2","status":"publish","type":"page","link":"https:\/\/isfd160-bue.infd.edu.ar\/sitio\/historia-2\/","title":{"rendered":"Historia"},"content":{"rendered":"\n<ul><li class=\"MsoBodyText2\" style=\"text-align: justify;\"><span style=\"font-size: 18pt;\"><span style=\"font-family: verdana,geneva;\"><span style=\"font-size: 12pt;\"><strong style=\"mso-bidi-font-weight: normal;\"><span style=\"text-decoration: underline;\">HITOS M\u00c1S RELEVANTES<\/span><\/strong>:<span style=\"mso-spacerun: yes;\"> &nbsp;<\/span><\/span><\/span><\/span><\/li><\/ul>\n\n\n\n<p class=\"MsoBodyText2\"><span style=\"font-size: 18pt;\"><span style=\"font-family: verdana,geneva;\"><span style=\"font-size: 12pt;\">El Colegio Nacional fue creado por Decreto del Poder Ejecutivo Nacional del 31 de marzo de 1948, en base a la oficializaci\u00f3n del ciclo b\u00e1sico del Instituto Adscripto \u201cTeodosio Alaniz\u201d. Fue inaugurado el 16 de mayo de de ese mismo a\u00f1o. En 1950 se complet\u00f3 el ciclo del Bachillerato y egres\u00f3 la primera promoci\u00f3n de Bachilleres. En 1964 se cre\u00f3 la secci\u00f3n<span style=\"mso-spacerun: yes;\">&nbsp; <\/span>Comercial anexa y en 1966 el curso de Magisterio con su Departamento de Aplicaci\u00f3n.<\/span><\/span><\/span><\/p>\n\n\n\n<p class=\"MsoBodyText2\"><strong style=\"mso-bidi-font-weight: normal;\"><span style=\"font-size: 18pt;\"><span style=\"font-family: verdana,geneva;\"><span style=\"font-size: 12pt;\"><span style=\"mso-spacerun: yes;\">&nbsp; <\/span>Por Resoluci\u00f3n 2896 del 9 de diciembre de mil novecientos setenta se habilit\u00f3 la carrera<span style=\"mso-spacerun: yes;\">&nbsp; <\/span>de Magisterio,<span style=\"mso-spacerun: yes;\">&nbsp; <\/span>y en el ciclo lectivo<span style=\"mso-spacerun: yes;\">&nbsp; <\/span>1971 comienza el nivel terciario, cre\u00e1ndose el Profesorado para la Ense\u00f1anza Primaria. <\/span><\/span><\/span><\/strong><\/p>\n\n\n\n<p class=\"MsoBodyText2\"><span style=\"font-size: 18pt;\"><span style=\"font-family: verdana,geneva;\"><span style=\"font-size: 12pt;\">Asimismo, comenz\u00f3 a funcionar el Bachillerato con Orientaci\u00f3n Docente, hoy Orientaci\u00f3n Pedag\u00f3gica. En 1975 se inaugur\u00f3 el Comercial Nocturno. El 12 de marzo de 1984 se crea el Jard\u00edn de Infantes, y <strong style=\"mso-bidi-font-weight: normal;\">el 1\u00ba de abril de 1987 el Profesorado de Educaci\u00f3n Pre-escolar.<\/strong><\/span><\/span><\/span><\/p>\n\n\n\n<p class=\"MsoBodyText2\"><span style=\"font-size: 18pt;\"><span style=\"font-family: verdana,geneva;\"><span style=\"font-size: 12pt;\">El Establecimiento que depend\u00eda del Ministerio de Educaci\u00f3n de la Naci\u00f3n es transferido al \u00e1mbito provincial el 31\/12\/93.-<\/span><\/span><\/span><\/p>\n\n\n\n<p class=\"MsoBodyText2\"><strong style=\"mso-bidi-font-weight: normal;\"><span style=\"font-size: 18pt;\"><span style=\"font-family: verdana,geneva;\"><span style=\"font-size: 12pt;\">A partir del a\u00f1o 1998 comienza a dictarse el primer Profesorado (Matem\u00e1tica) de cuatro a\u00f1os y a partir de aqu\u00ed se incorporan las nuevas carreras.<\/span><\/span><\/span><\/strong><\/p>\n\n\n\n<p class=\"MsoBodyText2\"><strong style=\"mso-bidi-font-weight: normal;\"><span style=\"font-size: 18pt;\"><span style=\"font-family: verdana,geneva;\"><span style=\"font-size: 12pt;\">El Instituto trabaja desde el a\u00f1o 1999 en Red con los Institutos de la zona: Pringles, Tornquist, Lamadrid, Laprida, Darregueira, Guamin\u00ed, Huanguel\u00e9n y Salliquel\u00f3; y desde 1998 hasta mediados de 2007, articulado con el Instituto Superior de Formaci\u00f3n Docente y T\u00e9cnica N\u00b0 48 de Coronel Su\u00e1rez. <\/span><\/span><\/span><\/strong><\/p>\n\n\n\n<p class=\"MsoBodyText2\"><strong style=\"mso-bidi-font-weight: normal;\"><span style=\"font-size: 18pt;\"><span style=\"font-family: verdana,geneva;\"><span style=\"font-size: 12pt;\">Por dictamen N\u00ba 3<span style=\"mso-spacerun: yes;\">&nbsp; <\/span>\/ 06 de la U.E.P ( Unidad Evaluadora Provincial,<span style=\"mso-spacerun: yes;\">&nbsp;&nbsp; <\/span>el Instituto<span style=\"mso-spacerun: yes;\">&nbsp; <\/span>Superior de Formaci\u00f3n Docente N\u00ba 160 logr\u00f3 acreditaci\u00f3n plena,<span style=\"mso-spacerun: yes;\">&nbsp; <\/span>como instituci\u00f3n que forma y capacita docentes con t\u00edtulos de validez nacional.<\/span><\/span><\/span><\/strong><\/p>\n\n\n\n<p class=\"MsoBodyText2\"><strong style=\"mso-bidi-font-weight: normal;\"><span style=\"font-size: 18pt;\"><span style=\"font-family: verdana,geneva;\"><span style=\"font-size: 12pt;\">En la actualidad, se encuentran en curso los Profesorados en Econom\u00eda y gesti\u00f3n, Matem\u00e1tica, Historia, Educaci\u00f3n Especial ( Discapacidad Intelectual) y Educaci\u00f3n Inicial ( cuyo nuevo dise\u00f1o se puso en vigencia a partir del a\u00f1o 2008)<\/span><\/span><\/span><\/strong><\/p>\n\n\n\n<p><\/p>\n\n\n\n<ul><li class=\"MsoBodyText2\" style=\"text-align: justify;\"><span style=\"font-size: 18pt;\"><span style=\"font-family: verdana,geneva;\"><span style=\"font-size: 12pt;\"><strong style=\"mso-bidi-font-weight: normal;\"><span style=\"text-decoration: underline;\">ASPECTO EDILICIO<\/span><\/strong>:<\/span><\/span><\/span><\/li><\/ul>\n\n\n\n<p class=\"MsoBodyText2\"><span style=\"font-size: 18pt;\"><span style=\"font-family: verdana,geneva;\"><span style=\"font-size: 12pt;\">El actual edificio inaugurado el 22 de octubre de 1983, tuvo un tr\u00e1mite de gestaci\u00f3n y obra que demand\u00f3 m\u00e1s de 10 a\u00f1os.<\/span><\/span><\/span><\/p>\n\n\n\n<p class=\"MsoBodyText2\"><span style=\"font-size: 18pt;\"><span style=\"font-family: verdana,geneva;\"><span style=\"font-size: 12pt;\">El mismo cuenta con laboratorios de F\u00edsica y Qu\u00edmica, sala de M\u00fasica,<span style=\"mso-spacerun: yes;\">&nbsp; <\/span>Mapoteca, sala de audiovisuales totalmente equipada con televisores, caseteras y dvd, una biblioteca con<span style=\"mso-spacerun: yes;\">&nbsp; <\/span>m\u00e1s de 14.300 vol\u00famenes y salas de computaci\u00f3n de nivel Polimodal y Superior, esta \u00faltima con una incorporaci\u00f3n reciente de 25 computadoras de \u00faltima generaci\u00f3n, dos impresoras comunes y tres laser, lo que suma 40 equipos y 10 impresoras.- Sala de conferencias, sala de profesores, dependencias administrativas: 4 oficinas de Direcci\u00f3n y 3 de Secretar\u00eda (correspondientes a los distintos niveles) 1 Vicedirecci\u00f3n, Bedel\u00eda, Preceptor\u00eda, Recepci\u00f3n, cocina, ba\u00f1os para docentes y alumnos, 1 bufet , 1 parab\u00f3lico y un gran sal\u00f3n de usos m\u00faltiples y 28 aulas.- Tambi\u00e9n cuenta con una casa habitaci\u00f3n, que en la actualidad es utilizada para oficinas del nivel Superior.-<\/span><\/span><\/span><\/p>\n\n\n\n<p class=\"MsoBodyText2\"><span style=\"font-size: 18pt;\"><span style=\"font-family: verdana,geneva;\"><span style=\"font-size: 12pt;\">El nivel Superior utiliza adem\u00e1s de los espacios comunes, 11 aulas y 4 dependencias m\u00e1s,<span style=\"mso-spacerun: yes;\">&nbsp; <\/span>que se adaptan a tal fin.-<\/span><\/span><\/span><\/p>\n\n\n\n<p class=\"MsoBodyText2\"><span style=\"font-size: 18pt;\"><span style=\"font-family: verdana,geneva;\"><span style=\"font-size: 12pt;\">&nbsp;<\/span><\/span><\/span><\/p>\n\n\n\n<p class=\"MsoBodyText2\"><span style=\"font-size: 18pt;\"><span style=\"font-family: verdana,geneva;\"><span style=\"font-size: 12pt;\">&nbsp;<\/span><\/span><\/span><\/p>\n\n\n\n<p class=\"MsoBodyText2\"><span style=\"font-size: 18pt;\"><span style=\"font-family: verdana,geneva;\"><span style=\"font-size: 12pt;\">&nbsp;<\/span><\/span><\/span><\/p>\n\n\n\n<p class=\"MsoBodyText2\"><span style=\"font-size: 18pt;\"><span style=\"font-family: verdana,geneva;\"><span style=\"font-size: 12pt;\">&nbsp;<\/span><\/span><\/span><\/p>\n","protected":false},"excerpt":{"rendered":"<p>HITOS M\u00c1S RELEVANTES: &nbsp; El Colegio Nacional fue creado por Decreto del Poder Ejecutivo Nacional del 31 de marzo de 1948, en base a la oficializaci\u00f3n del ciclo b\u00e1sico del Instituto Adscripto \u201cTeodosio Alaniz\u201d. Fue inaugurado el 16 de mayo de de ese mismo a\u00f1o. En 1950 se complet\u00f3 el ciclo del Bachillerato y egres\u00f3 &#8230; <a title=\"Historia\" class=\"read-more\" href=\"https:\/\/isfd160-bue.infd.edu.ar\/sitio\/historia-2\/\" aria-label=\"More on Historia\">[+]<\/a><\/p>\n","protected":false},"author":7,"featured_media":0,"parent":0,"menu_order":0,"comment_status":"closed","ping_status":"closed","template":"","meta":[],"acf":[],"_links":{"self":[{"href":"https:\/\/isfd160-bue.infd.edu.ar\/sitio\/wp-json\/wp\/v2\/pages\/1161"}],"collection":[{"href":"https:\/\/isfd160-bue.infd.edu.ar\/sitio\/wp-json\/wp\/v2\/pages"}],"about":[{"href":"https:\/\/isfd160-bue.infd.edu.ar\/sitio\/wp-json\/wp\/v2\/types\/page"}],"author":[{"embeddable":true,"href":"https:\/\/isfd160-bue.infd.edu.ar\/sitio\/wp-json\/wp\/v2\/users\/7"}],"replies":[{"embeddable":true,"href":"https:\/\/isfd160-bue.infd.edu.ar\/sitio\/wp-json\/wp\/v2\/comments?post=1161"}],"version-history":[{"count":4,"href":"https:\/\/isfd160-bue.infd.edu.ar\/sitio\/wp-json\/wp\/v2\/pages\/1161\/revisions"}],"predecessor-version":[{"id":2275,"href":"https:\/\/isfd160-bue.infd.edu.ar\/sitio\/wp-json\/wp\/v2\/pages\/1161\/revisions\/2275"}],"wp:attachment":[{"href":"https:\/\/isfd160-bue.infd.edu.ar\/sitio\/wp-json\/wp\/v2\/media?parent=1161"}],"curies":[{"name":"wp","href":"https:\/\/api.w.org\/{rel}","templated":true}]}}