{"id":1159,"date":"2018-08-29T21:22:00","date_gmt":"2018-08-30T00:22:00","guid":{"rendered":"https:\/\/isfd160-bue.infd.edu.ar\/sitio\/autoridades\/"},"modified":"2025-02-20T20:07:59","modified_gmt":"2025-02-20T23:07:59","slug":"autoridades","status":"publish","type":"page","link":"https:\/\/isfd160-bue.infd.edu.ar\/sitio\/autoridades\/","title":{"rendered":"Autoridades"},"content":{"rendered":"<p><strong>DIRECTORA de la UNIDAD ACAD\u00c9MICA:<\/strong><\/p>\n<p>Prof. Mariela Borger<\/p>\n<p><strong>VICEDIRECTORA de la UNIDAD ACAD\u00c9MICA:<\/strong><\/p>\n<p>Prof. Anal\u00eda F\u00e9rnandez<\/p>\n<p><strong>SECRETARIA:<\/strong><\/p>\n<p>Prof. Gabriela Werbag<\/p>\n<p><strong>REGENTE:<\/strong><\/p>\n<p>Prof. Sof\u00eda Trobbiani<\/p>\n<p><strong>JEFA DE AREA:<\/strong><\/p>\n<p>Prof. Patricia Steimetz<\/p>\n<p><strong>PRECEPTORAS:<\/strong><\/p>\n<p>Prof. Alejandra Coronel<\/p>\n<p>Prof. Mariela Gardiner<\/p>\n<p>Prof. Soff\u00eda Graff Mart\u00edn<\/p>\n<p><strong>BIBLIOTECARIA:<\/strong><\/p>\n<p>Prof. Gallardo Agustina<\/p>\n<p><strong>COORDINADORA INSTITUCIONAL DE POL\u00cdTICAS ESTUDIANTILES:<\/strong><\/p>\n<p>Prof. Luc\u00eda Alvarez<\/p>\n","protected":false},"excerpt":{"rendered":"<p>DIRECTORA de la UNIDAD ACAD\u00c9MICA: Prof. Mariela Borger VICEDIRECTORA de la UNIDAD ACAD\u00c9MICA: Prof. Anal\u00eda F\u00e9rnandez SECRETARIA: Prof. Gabriela Werbag REGENTE: Prof. Sof\u00eda Trobbiani JEFA DE AREA: Prof. Patricia Steimetz PRECEPTORAS: Prof. Alejandra Coronel Prof. Mariela Gardiner Prof. Soff\u00eda Graff Mart\u00edn BIBLIOTECARIA: Prof. Gallardo Agustina COORDINADORA INSTITUCIONAL DE POL\u00cdTICAS ESTUDIANTILES: Prof. Luc\u00eda Alvarez<\/p>\n","protected":false},"author":7,"featured_media":0,"parent":0,"menu_order":0,"comment_status":"closed","ping_status":"closed","template":"","meta":[],"acf":[],"_links":{"self":[{"href":"https:\/\/isfd160-bue.infd.edu.ar\/sitio\/wp-json\/wp\/v2\/pages\/1159"}],"collection":[{"href":"https:\/\/isfd160-bue.infd.edu.ar\/sitio\/wp-json\/wp\/v2\/pages"}],"about":[{"href":"https:\/\/isfd160-bue.infd.edu.ar\/sitio\/wp-json\/wp\/v2\/types\/page"}],"author":[{"embeddable":true,"href":"https:\/\/isfd160-bue.infd.edu.ar\/sitio\/wp-json\/wp\/v2\/users\/7"}],"replies":[{"embeddable":true,"href":"https:\/\/isfd160-bue.infd.edu.ar\/sitio\/wp-json\/wp\/v2\/comments?post=1159"}],"version-history":[{"count":58,"href":"https:\/\/isfd160-bue.infd.edu.ar\/sitio\/wp-json\/wp\/v2\/pages\/1159\/revisions"}],"predecessor-version":[{"id":3391,"href":"https:\/\/isfd160-bue.infd.edu.ar\/sitio\/wp-json\/wp\/v2\/pages\/1159\/revisions\/3391"}],"wp:attachment":[{"href":"https:\/\/isfd160-bue.infd.edu.ar\/sitio\/wp-json\/wp\/v2\/media?parent=1159"}],"curies":[{"name":"wp","href":"https:\/\/api.w.org\/{rel}","templated":true}]}}