{"id":1153,"date":"2018-08-29T21:21:57","date_gmt":"2018-08-30T00:21:57","guid":{"rendered":"https:\/\/isfd160-bue.infd.edu.ar\/sitio\/informacion-para-docentes\/"},"modified":"2022-11-16T20:33:49","modified_gmt":"2022-11-16T23:33:49","slug":"informacion-para-docentes","status":"publish","type":"page","link":"https:\/\/isfd160-bue.infd.edu.ar\/sitio\/informacion-para-docentes\/","title":{"rendered":"Informaci\u00f3n Para Docentes"},"content":{"rendered":"<table style=\"width: 407px; height: 98px;\" border=\"0\">\n<tbody>\n<tr>\n<td style=\"background-color: #ff0000;\"><\/td>\n<td rowspan=\"3\">\u00a0<strong><span style=\"font-family: 'trebuchet ms', geneva; font-size: 14pt;\"> \u00a0Informaci\u00f3n Para Docentes. \u00a0 \u00a0 \u00a0 \u00a0\u00a0<\/span><\/strong><\/td>\n<\/tr>\n<tr>\n<td style=\"background-color: #3300ff;\"><\/td>\n<\/tr>\n<tr>\n<td style=\"background-color: #ffff00;\"><\/td>\n<\/tr>\n<\/tbody>\n<\/table>\n<pre><strong style=\"color: #3a3a3a; font-family: Roboto, sans-serif; font-size: 40px; background-color: #ffffff;\">Licencias<\/strong><\/pre>\n<pre style=\"text-align: justify;\"><span style=\"font-size: 10pt; font-family: 'trebuchet ms', geneva;\"><strong>Desde<\/strong> la Secretar\u00eda del Instituto Superior de Formaci\u00f3n Docente N\u00b0 160, ponemos a disposici\u00f3n de los docentes informaci\u00f3n referida al uso de licencias.\u00a0<\/span>\n\n<span style=\"font-size: 10pt; font-family: 'trebuchet ms', geneva;\"><strong>En la presente secci\u00f3n<\/strong>, encontrar\u00e1n, informaci\u00f3n detallada de los Art. del Estatuto Docente que contemplan el uso de licencias por parte del personal docente. Asimismo, podr\u00e1n descargar las planillas y formularios correspondientes.<\/span>\n\n<strong><span style=\"font-size: 10pt; font-family: 'trebuchet ms', geneva;\">Cordialmente.\u00a0<\/span><\/strong>\n\n<strong><span style=\"font-size: 10pt; font-family: 'trebuchet ms', geneva;\">Instituto 160.<\/span><\/strong><\/pre>\n<p style=\"text-align: center;\">\u00a0<span style=\"font-size: 12pt; font-family: 'trebuchet ms', geneva; color: #008080;\"><strong> F<span style=\"font-size: 10pt;\">ormularios.<\/span><\/strong><\/span><\/p>\n<table style=\"width: 557px; height: 93px; border: 0px solid #ccff66; margin-left: auto; margin-right: auto;\" border=\"0\" rules=\"rows\">\n<tbody>\n<tr>\n<td style=\"text-align: center;\" scope=\"rowgroup\" valign=\"middle\"><span style=\"font-size: 10pt; font-family: 'trebuchet ms', geneva;\">Formulario de Licencias por Art. 114. 115.<\/span><\/td>\n<td style=\"text-align: center; background-color: #7fff00;\"><span style=\"font-size: 10pt; font-family: 'trebuchet ms', geneva; background-color: #ffffff;\"><a title=\"Formulario Licencia 114 y 115\" href=\"upload\/Formulario_de_licencias_114_y_115__1.-.pdf\" target=\"_blank\" rel=\"noopener\">Descargar<\/a><\/span><\/td>\n<\/tr>\n<tr>\n<td style=\"text-align: center;\" scope=\"rowgroup\" valign=\"middle\"><span style=\"font-size: 10pt; font-family: 'trebuchet ms', geneva;\">Formulario de Junta M\u00e9dica Docentes.<\/span><\/td>\n<td style=\"text-align: center; background-color: #7fff00;\"><span style=\"font-size: 10pt; font-family: 'trebuchet ms', geneva; background-color: #ffffff;\"><a title=\"Formulario Junta M\u00e9dica\" href=\"upload\/Formulario_Junta_Medica_Docentes.pdf\" target=\"_blank\" rel=\"noopener\">Descargar<\/a><\/span><\/td>\n<\/tr>\n<tr>\n<td style=\"text-align: center;\" scope=\"rowgroup\" valign=\"middle\"><span style=\"font-size: 10pt; font-family: 'trebuchet ms', geneva;\">Formulario de Examen M\u00e9dico Preventivo.<\/span><\/td>\n<td style=\"text-align: center; background-color: #7fff00;\"><span style=\"font-size: 10pt; font-family: 'trebuchet ms', geneva; background-color: #ffffff;\"><a title=\"Formulario de Examen Preventivo\" href=\"upload\/formulario_examen_medico_preventivo_1.pdf\" target=\"_blank\" rel=\"noopener\">Descargar<\/a><\/span><\/td>\n<\/tr>\n<tr>\n<td style=\"text-align: center;\" scope=\"rowgroup\" valign=\"middle\"><span style=\"font-size: 10pt; font-family: 'trebuchet ms', geneva;\">Instructivo RUAMEL.<\/span><\/td>\n<td style=\"text-align: center; background-color: #7fff00;\"><span style=\"font-size: 10pt; font-family: 'trebuchet ms', geneva; background-color: #ffffff;\"><a title=\"Instructivo RUAMEL\" href=\"upload\/Instructivo_para_gestionar_licencias_medicas_SIGME.pdf\" target=\"_blank\" rel=\"noopener\">Descargar<\/a><\/span><\/td>\n<\/tr>\n<tr>\n<td style=\"text-align: center;\" scope=\"rowgroup\" valign=\"middle\"><span style=\"font-size: 10pt; font-family: 'trebuchet ms', geneva;\">Ficha IOMA. Afiliaci\u00f3n.<\/span><\/td>\n<td style=\"text-align: center; background-color: #7fff00;\"><span style=\"font-size: 10pt; font-family: 'trebuchet ms', geneva; background-color: #ffffff;\"><a title=\"Ficha Afiliaci\u00f3n IOMA\" href=\"upload\/ioma-afiliacion.pdf\" target=\"_blank\" rel=\"noopener\">Descargar<\/a><\/span><\/td>\n<\/tr>\n<tr>\n<td style=\"text-align: center;\" scope=\"rowgroup\" valign=\"middle\"><span style=\"font-size: 10pt; font-family: 'trebuchet ms', geneva;\">Licencia Por Fertilizaci\u00f3n Asistida.<\/span><\/td>\n<td style=\"text-align: center; background-color: #7fff00;\"><span style=\"font-size: 10pt; font-family: 'trebuchet ms', geneva; background-color: #ffffff;\"><a title=\"Formulario de Fertilizaci\u00f3n Asistida\" href=\"upload\/solicitud_licencia_por_fertilizacion_asistida1_1.pdf\" target=\"_blank\" rel=\"noopener\">Descargar<\/a><\/span><\/td>\n<\/tr>\n<tr>\n<td style=\"text-align: center;\" scope=\"rowgroup\" valign=\"middle\"><span style=\"font-size: 10pt; font-family: 'trebuchet ms', geneva;\">D1. Declaraci\u00f3n Jurada Nivel Superior. (doc.)<\/span><\/td>\n<td style=\"text-align: center; background-color: #7fff00;\"><span style=\"font-size: 10pt; font-family: 'trebuchet ms', geneva; background-color: #ffffff;\"><a title=\"D1. Declaraci\u00f3n Jurada Horarios. Superior\" href=\"upload\/declaracion_jurada.doc\" target=\"_blank\" rel=\"noopener\">Descargar<\/a><\/span><\/td>\n<\/tr>\n<tr>\n<td style=\"text-align: center;\" scope=\"rowgroup\" valign=\"middle\"><span style=\"font-size: 10pt; font-family: 'trebuchet ms', geneva;\">SET 4. Calificaci\u00f3n Docente. (pdf.)<\/span><\/td>\n<td style=\"text-align: center; background-color: #7fff00;\"><span style=\"font-size: 10pt; font-family: 'trebuchet ms', geneva; background-color: #ffffff;\"><a title=\"SET Calificaci\u00f3n\" href=\"upload\/set4-calificacion-anual.pdf\" target=\"_blank\" rel=\"noopener\">Descargar<\/a><\/span><\/td>\n<\/tr>\n<tr>\n<td style=\"text-align: center;\" scope=\"rowgroup\" valign=\"middle\"><span style=\"font-size: 10pt; font-family: 'trebuchet ms', geneva;\">SET 4. Calificaci\u00f3n Docente. (doc.)<\/span><\/td>\n<td style=\"text-align: center; background-color: #7fff00;\"><span style=\"font-size: 10pt; font-family: 'trebuchet ms', geneva; background-color: #ffffff;\"><a title=\"SET 4\" href=\"upload\/SET4.doc\" target=\"_blank\" rel=\"noopener\">Descargar<\/a><\/span><\/td>\n<\/tr>\n<tr>\n<td style=\"text-align: center;\" scope=\"rowgroup\" valign=\"middle\"><span style=\"font-size: 10pt; font-family: 'trebuchet ms', geneva;\">Licencias en Otros Distritos.<\/span><\/td>\n<td style=\"text-align: center; background-color: #7fff00;\"><span style=\"font-size: 10pt; font-family: 'trebuchet ms', geneva; background-color: #ffffff;\"><a title=\"Formulario de Consulta M\u00e9dica\" href=\"upload\/form-consulta-medica_en_otro_distrito.pdf\" target=\"_blank\" rel=\"noopener\">Descargar<\/a><\/span><\/td>\n<\/tr>\n<tr>\n<td style=\"text-align: center;\" scope=\"rowgroup\" valign=\"middle\"><span style=\"font-size: 10pt; font-family: 'trebuchet ms', geneva;\">Licencias en Otros Distritos. <strong>(Nuevo)<\/strong><\/span><\/td>\n<td style=\"text-align: center; background-color: #7fff00;\"><span style=\"font-size: 10pt; font-family: 'trebuchet ms', geneva; background-color: #ffffff;\"><a title=\"Instructivo Docente Nuevo\" href=\"upload\/Instructivos_docentes_nuevo_2_1.pdf\" target=\"_blank\" rel=\"noopener\"><span style=\"background-color: #ffffff;\">Descargar\u00a0<\/span><\/a><\/span><\/td>\n<\/tr>\n<tr>\n<td style=\"text-align: center;\" scope=\"rowgroup\" valign=\"middle\"><span style=\"font-size: 10pt; font-family: 'trebuchet ms', geneva;\">Resoluci\u00f3n 530. 2016. Salida Educativa <strong>(Nuevo)<\/strong><\/span><\/td>\n<td style=\"text-align: center; background-color: #7fff00;\"><span style=\"font-size: 10pt; font-family: 'trebuchet ms', geneva; background-color: #ffffff;\"><span style=\"background-color: #ffffff;\">Descargar<\/span><\/span><\/td>\n<\/tr>\n<\/tbody>\n<\/table>\n<p style=\"text-align: center;\"><span style=\"font-size: 10pt; font-family: 'trebuchet ms', geneva;\">\u00a0<\/span><\/p>\n<p style=\"text-align: center;\">\n","protected":false},"excerpt":{"rendered":"<p>\u00a0 \u00a0Informaci\u00f3n Para Docentes. \u00a0 \u00a0 \u00a0 \u00a0\u00a0 Licencias Desde la Secretar\u00eda del Instituto Superior de Formaci\u00f3n Docente N\u00b0 160, ponemos a disposici\u00f3n de los docentes informaci\u00f3n referida al uso de licencias.\u00a0 En la presente secci\u00f3n, encontrar\u00e1n, informaci\u00f3n detallada de los Art. del Estatuto Docente que contemplan el uso de licencias por parte del personal &#8230; <a title=\"Informaci\u00f3n Para Docentes\" class=\"read-more\" href=\"https:\/\/isfd160-bue.infd.edu.ar\/sitio\/informacion-para-docentes\/\" aria-label=\"More on Informaci\u00f3n Para Docentes\">[+]<\/a><\/p>\n","protected":false},"author":7,"featured_media":0,"parent":0,"menu_order":0,"comment_status":"closed","ping_status":"closed","template":"","meta":[],"acf":[],"_links":{"self":[{"href":"https:\/\/isfd160-bue.infd.edu.ar\/sitio\/wp-json\/wp\/v2\/pages\/1153"}],"collection":[{"href":"https:\/\/isfd160-bue.infd.edu.ar\/sitio\/wp-json\/wp\/v2\/pages"}],"about":[{"href":"https:\/\/isfd160-bue.infd.edu.ar\/sitio\/wp-json\/wp\/v2\/types\/page"}],"author":[{"embeddable":true,"href":"https:\/\/isfd160-bue.infd.edu.ar\/sitio\/wp-json\/wp\/v2\/users\/7"}],"replies":[{"embeddable":true,"href":"https:\/\/isfd160-bue.infd.edu.ar\/sitio\/wp-json\/wp\/v2\/comments?post=1153"}],"version-history":[{"count":6,"href":"https:\/\/isfd160-bue.infd.edu.ar\/sitio\/wp-json\/wp\/v2\/pages\/1153\/revisions"}],"predecessor-version":[{"id":2522,"href":"https:\/\/isfd160-bue.infd.edu.ar\/sitio\/wp-json\/wp\/v2\/pages\/1153\/revisions\/2522"}],"wp:attachment":[{"href":"https:\/\/isfd160-bue.infd.edu.ar\/sitio\/wp-json\/wp\/v2\/media?parent=1153"}],"curies":[{"name":"wp","href":"https:\/\/api.w.org\/{rel}","templated":true}]}}